{"id":1010,"date":"2020-07-30T00:00:17","date_gmt":"2020-07-29T22:00:17","guid":{"rendered":"https:\/\/4youcredit.de\/?page_id=1010"},"modified":"2020-07-30T00:00:17","modified_gmt":"2020-07-29T22:00:17","slug":"conditions","status":"publish","type":"page","link":"https:\/\/4youcredit.de\/en\/conditions\/","title":{"rendered":"Conditions"},"content":{"rendered":"\n<style type=\"text\/css\" data-created_by=\"avia_inline_auto\" id=\"style-css-av-6b6k9-6cf0b900f74219807db19631962128db\">\n.avia-section.av-6b6k9-6cf0b900f74219807db19631962128db .av-parallax .av-parallax-inner{\nbackground-repeat:no-repeat;\nbackground-image:url(https:\/\/4youcredit.de\/wp-content\/uploads\/2020\/05\/Titelbild-arrows.jpg);\nbackground-position:0% 100%;\nbackground-attachment:scroll;\n}\n.avia-section.av-6b6k9-6cf0b900f74219807db19631962128db .av-section-color-overlay{\nopacity:0.3;\nbackground-color:#000000;\n}\n<\/style>\n<div id='av_section_1'  class='avia-section av-6b6k9-6cf0b900f74219807db19631962128db main_color avia-section-large avia-no-shadow  avia-builder-el-0  el_before_av_section  avia-builder-el-first  avia-full-stretch av-parallax-section avia-bg-style-parallax av-section-color-overlay-active av-minimum-height av-minimum-height-35 av-height-percent  container_wrap sidebar_right'  data-section-bg-repeat='stretch' data-av_minimum_height_pc='35' data-av_min_height_opt='percent'><div class='av-parallax' data-avia-parallax-ratio='0.3' ><div class='av-parallax-inner main_color avia-full-stretch'><\/div><\/div><div class=\"av-section-color-overlay-wrap\"><div class=\"av-section-color-overlay\"><\/div><div class='container av-section-cont-open' ><main  role=\"main\" itemprop=\"mainContentOfPage\"  class='template-page content  av-content-small alpha units'><div class='post-entry post-entry-type-page post-entry-1010'><div class='entry-content-wrapper clearfix'>\n\n<style type=\"text\/css\" data-created_by=\"avia_inline_auto\" id=\"style-css-av-kd7ww94i-323229857bf26b188ad11deae94fe43f\">\n#top .av-special-heading.av-kd7ww94i-323229857bf26b188ad11deae94fe43f{\npadding-bottom:0;\ncolor:#ffffff;\nfont-size:50px;\n}\nbody .av-special-heading.av-kd7ww94i-323229857bf26b188ad11deae94fe43f .av-special-heading-tag .heading-char{\nfont-size:25px;\n}\n#top #wrap_all .av-special-heading.av-kd7ww94i-323229857bf26b188ad11deae94fe43f .av-special-heading-tag{\nfont-size:50px;\n}\n.av-special-heading.av-kd7ww94i-323229857bf26b188ad11deae94fe43f .special-heading-inner-border{\nborder-color:#ffffff;\n}\n.av-special-heading.av-kd7ww94i-323229857bf26b188ad11deae94fe43f .av-subheading{\nfont-size:15px;\n}\n\n@media only screen and (min-width: 480px) and (max-width: 767px){ \n#top #wrap_all .av-special-heading.av-kd7ww94i-323229857bf26b188ad11deae94fe43f .av-special-heading-tag{\nfont-size:0.8em;\n}\n}\n\n@media only screen and (max-width: 479px){ \n#top #wrap_all .av-special-heading.av-kd7ww94i-323229857bf26b188ad11deae94fe43f .av-special-heading-tag{\nfont-size:0.8em;\n}\n}\n<\/style>\n<div  class='av-special-heading av-kd7ww94i-323229857bf26b188ad11deae94fe43f av-special-heading-h3 custom-color-heading blockquote modern-quote  avia-builder-el-1  el_before_av_hr  avia-builder-el-first  av-inherit-size'><h3 class='av-special-heading-tag'  itemprop=\"headline\"  >Conditions<\/h3><div class='av_custom_color av-subheading av-subheading_below'><p>Terms of Service<\/p>\n<\/div><div class=\"special-heading-border\"><div class=\"special-heading-inner-border\"><\/div><\/div><\/div>\n\n<style type=\"text\/css\" data-created_by=\"avia_inline_auto\" id=\"style-css-av-574ct-383214e9c1298653f752947dcdbb20ae\">\n#top .hr.av-574ct-383214e9c1298653f752947dcdbb20ae{\nmargin-top:30px;\nmargin-bottom:30px;\n}\n.hr.av-574ct-383214e9c1298653f752947dcdbb20ae .hr-inner{\nwidth:20%;\nborder-color:rgba(255,255,255,0.76);\nmax-width:45%;\n}\n.hr.av-574ct-383214e9c1298653f752947dcdbb20ae .av-seperator-icon{\ncolor:#ffffff;\n}\n<\/style>\n<div  class='hr av-574ct-383214e9c1298653f752947dcdbb20ae hr-custom  avia-builder-el-2  el_after_av_heading  avia-builder-el-last  hr-center hr-icon-yes'><span class='hr-inner inner-border-av-border-thin'><span class=\"hr-inner-style\"><\/span><\/span><span class='av-seperator-icon' aria-hidden='true' data-av_icon='\ue8bf' data-av_iconfont='entypo-fontello'><\/span><span class='hr-inner inner-border-av-border-thin'><span class=\"hr-inner-style\"><\/span><\/span><\/div>\n<\/div><\/div><\/main><!-- close content main element --><\/div><\/div><\/div><div id='av_section_2'  class='avia-section av-4pur1-d10843a8956f82e3a00ae08157a70823 main_color avia-section-default avia-no-border-styling  avia-builder-el-3  el_after_av_section  avia-builder-el-last  avia-bg-style-scroll container_wrap sidebar_right'  ><div class='container av-section-cont-open' ><div class='template-page content  av-content-small alpha units'><div class='post-entry post-entry-type-page post-entry-1010'><div class='entry-content-wrapper clearfix'>\n\n<style type=\"text\/css\" data-created_by=\"avia_inline_auto\" id=\"style-css-av-41zyd-947a9eb17d3e9534dc02c0d99a8d2274\">\n#top .flex_column.av-41zyd-947a9eb17d3e9534dc02c0d99a8d2274{\nmargin-top:-90px;\nmargin-bottom:0px;\n}\n.flex_column.av-41zyd-947a9eb17d3e9534dc02c0d99a8d2274{\nborder-radius:0px 0px 0px 0px;\npadding:30px 30px 30px 30px;\nbackground-color:#ffffff;\n}\n.responsive #top #wrap_all .flex_column.av-41zyd-947a9eb17d3e9534dc02c0d99a8d2274{\nmargin-top:-90px;\nmargin-bottom:0px;\n}\n<\/style>\n<div  class='flex_column av-41zyd-947a9eb17d3e9534dc02c0d99a8d2274 av_one_full  avia-builder-el-4  avia-builder-el-no-sibling  first flex_column_div  '     ><section  class='av_textblock_section av-3jfa5-d1c63fe33ff16e7a87f5f6950512c465 '   itemscope=\"itemscope\" itemtype=\"https:\/\/schema.org\/CreativeWork\" ><div class='avia_textblock'  itemprop=\"text\" ><h4 class=\"p1\">Terms of Service<\/h4>\n<p class=\"p2\">General terms and conditions of 4youcredit credit brokerage<br \/>\n<span class=\"s1\">(Stand 05\/2020)<\/span><\/p>\n<p class=\"p3\"><span class=\"s2\">\u00a71 Allgemeines und Geltungsbereich<\/span><br \/>\nNachfolgend sind die Allgemeinen Gesch\u00e4ftsbedingungen (AGB) f\u00fcr die Vermittlung von Krediten durch die 4youcredit Kreditvermittlung und die Nutzung dieser Internetseite (www.4youcredit.de). 4youcredit Kreditvermittlung erbringt ihre Leistungen durch die Vermittlung von Krediten an ihre Kunden ausschlie\u00dflich auf Grundlage dieser AGB. Als Kunden gelten im Rahmen dieser AGB sowohl Verbraucher als auch Unternehmen.<\/p>\n<p class=\"p3\">Nach dieser AGB sind Verbraucher nat\u00fcrliche Personen, mit denen in Gesch\u00e4ftsverbindung getreten wird, ohne dass diesen eine gewerbliche oder selbst\u00e4ndige berufliche T\u00e4tigkeit zugerechnet werden kann. Unternehmer gem\u00e4\u00df diesen Gesch\u00e4ftsbedingungen sind nat\u00fcrliche oder juristische Personen oder rechtsf\u00e4hige Personengesellschaften, mit denen in Gesch\u00e4ftsbeziehungen getreten wird, die in Aus\u00fcbung einer gewerblichen oder selbst\u00e4ndigen beruflichen T\u00e4tigkeit handelt.<\/p>\n<p class=\"p3\"><span class=\"s2\">\u00a72 Leistung<\/span><br \/>\nMit der Antragstellung beauftragt der Kunde die 4youcredit Kreditvermittlung unter der Ausnutzung aller m\u00f6glichen Finanzierungsformen mit der Beschaffung eines Kredites entsprechend der Kunden Bonit\u00e4t zu vermitteln. Die Kreditentscheidung und somit auch der Finanzierungsweg beruhen auf den vom Kunden gemachten Angaben und erfolgen ausschlie\u00dflich durch eine Bank nach Wahl der Vermittlungsgesellschaft. Der Kunde ist damit einverstanden, dass er im Rahmen der Kreditpr\u00fcfung gegebenenfalls telefonisch oder schriftlich kontaktiert werden kann.<\/p>\n<p class=\"p3\"><span class=\"s2\">\u00a73 Widerrufsrecht<\/span><br \/>\nDer Kunde kann seine Vertragserkl\u00e4rung innerhalb von zwei Wochen ohne Angabe von Gr\u00fcnden in Textform (z. B. Brief, Fax, E-Mail) widerrufen. Die Frist beginnt nach Erhalt dieser Belehrung in Textform. Zur Wahrung der Widerrufsfrist gen\u00fcgt die rechtzeitige Absendung des Widerrufs. Der Widerruf ist zu richten an:<\/p>\n<p class=\"p3\">4youcredit Kreditvermittlung Hauptstr.25a, 86391 Stadtbergen, oder via Mail an info@4youcredit.de . Das Widerrufsrecht erlischt vorzeitig, wenn der Vertrag von beiden Seiten auf ausdr\u00fccklichen Wunsch vollst\u00e4ndig erf\u00fcllt ist, bevor das Widerrufrecht ausge\u00fcbt wurde.<\/p>\n<p class=\"p3\"><span class=\"s2\">\u00a74 Urheberrecht<\/span><br \/>\nDie durch die 4youcredit.de erstellten Inhalte und Werke auf diesen Seiten unterliegen dem deutschen Urheberrecht. Die Vervielf\u00e4ltigung, Bearbeitung, Verbreitung und jede Art der Verwertung au\u00dferhalb der Grenzen des Urheberrechtes bed\u00fcrfen der schriftlichen Zustimmung des jeweiligen Autors bzw. Erstellers. Downloads und Kopien dieser Seite sind nur f\u00fcr den privaten, nicht kommerziellen Gebrauch gestattet.<\/p>\n<p class=\"p3\"><span class=\"s2\">\u00a75 Pflichten des Kunden<\/span><br \/>\nDer Kreditnehmer hat die Pflicht, in der Kreditanfrage vollst\u00e4ndige und wahrheitsgem\u00e4\u00dfe Angaben zu machen. Die Vermittlungsgesellschaft ist im Falle vors\u00e4tzlicher falscher, unvollst\u00e4ndiger oder irref\u00fchrender Angaben des Kreditnehmers berechtigt, die Kreditanfrage nicht zu bearbeiten.<\/p>\n<p class=\"p3\"><span class=\"s2\">\u00a76 Haftung<\/span><br \/>\nDie 4youcredit Kreditvermittlung haftet nicht f\u00fcr direkte oder indirekte Sch\u00e4den, einschlie\u00dflich entgangener Gewinne, welche auf der Nutzung des Informations- und Vergleichsangebotes der von ihr betriebenen Internetseiten beruhen, ausgenommen Vorsatz und grobe Fahrl\u00e4ssigkeit. Die Haftung der 4youcredit Kreditvermittlung wegen Pflichtverletzung und au\u00dfervertraglicher Haftung beschr\u00e4nkt sich ebenso auf Vorsatz und grobe Fahrl\u00e4ssigkeit.<\/p>\n<p class=\"p3\"><span class=\"s2\">\u00a77 Datenschutz<\/span><br \/>\nMit der Antragstellung willigt der Nutzer ein, dass die Vermittlungsgesellschaft die personenbezogenen Daten zum Zwecke der Bearbeitung des Kreditantrages, sowie der weiteren Betreuung, speichert und verarbeitet. Weiterhin erm\u00e4chtigt der Nutzer die 4youcredit Kreditvermittlung zur Weitergabe der Daten und erforderlichen, zur Verf\u00fcgung gestellten Unterlagen an die Bank der Wahl der Vermittlungsgesellschaft. Die 4youcredit Kreditvermittlung weist vorsorglich darauf hin, dass die Nutzer selbstverst\u00e4ndlich das Recht haben eine Verarbeitung, Nutzung oder Speicherung der mit diesem Vertrag im Zusammenhang stehenden Daten f\u00fcr die Zukunft zu untersagen. Hierzu gen\u00fcgt eine einfache Mail an Info@4youcredit.de. Die Preisgabe der Daten des Kunden an die 4youcredit Kreditvermittlung erfolgt ausdr\u00fccklich auf freiwilliger Basis zur Erbringung der Vermittlungsleistung. Die 4youcredit Kreditvermittlung, was diese Daten anbelangt, die verantwortliche Stelle im Sinne des Bundesdatenschutzgesetzes. Eine Weitergabe der Daten des Kunden erfolgt an die mit der Durchf\u00fchrung des Vertrages befasste Bank. Ihre Daten werden automatisch gel\u00f6scht, nachdem die gesetzlichen steuer- und handelsrechtlichen Aufbewahrungspflichten verstrichen sind.<\/p>\n<p class=\"p3\"><span class=\"s2\">\u00a78 Verbot der gewerblichen Nutzung<\/span><br \/>\nDie kostenfreie Nutzung des Internetangebotes der 4youcredit Kreditvermittlung ist nur Privatpersonen gestattet. Jegliche Nutzung dieses Internetangebotes zu gewerblichen Zwecken ist ausdr\u00fccklich untersagt. Dies gilt insbesondere f\u00fcr alle in diesem Internetangebot ver\u00f6ffentlichten Kontaktdaten wie Postanschrift, Telefon und Faxnummer sowie E-Mail-Adressen. Die \u00dcbersendung von nicht ausdr\u00fccklich angeforderten Informationen ist somit untersagt. F\u00fcr jeden Fall der schuldhaften Zuwiderhandlung gegen das Verbot der gewerblichen Nutzung gilt eine Vertragsstrafe in H\u00f6he von 2000 \u20ac als vereinbart. Die 4youcredit Kreditvermittlung ist berechtigt erst nach mehrmaliger Verwirkung der Vertragsstrafe diese im Ganzen zu verlangen. Die Zusammenfassung mehrerer Einzelakte zu einer rechtlichen Einheit ist somit ausgeschlossen (Ausschluss des Fortsetzungszusammenhangs). Unabh\u00e4ngig von der Vertragsstrafe kann die 4youcredit Kreditvermittlung weitere Schadensersatzanspr\u00fcche geltend machen. Rechtliche Schritte gegen die Versender von Spam E-Mails sind ausdr\u00fccklich vorbehalten.<\/p>\n<p class=\"p4\"><span class=\"s2\">\u00a79 Schufaklausel und Einwilligung zur eventuellen Nutzung des automatisierten Grundbuch-Abrufverfahrens<\/span><br \/>\nWir weisen darauf hin, dass die Bank (nach Wahl von 4youcredit Kreditvermittlung ) eine Abfrage meiner personenbezogenen SCHUFA-Daten bei der SCHUFA Holding AG, Komoranweg 5, 85201 Wiesbaden, vornehmen wird. Ich willige ein, dass die Auskunft erhaltende Bank berechtigt ist, meine personenbezogenen SCHUFA-Daten an 4youcredit Kreditvermittlung sowie deren Mitarbeiter aus Gr\u00fcnden der weiteren Bearbeitung mitzuteilen. Auch dem etwaigen Mitantragsteller dieser Kreditanfrage darf die SCHUFA-Auskunft zug\u00e4nglich gemacht werden. Diese Einwilligung gilt vollumf\u00e4nglich auch f\u00fcr den Fall, dass die Vermittlung eines bevorzugten, schufafreien Darlehens nicht m\u00f6glich ist. Falls die Vermittlungsgesellschaft im Zuge der Pr\u00fcfung feststellt, dass ein schufafreies Darlehen nicht m\u00f6glich ist, pr\u00fcft sie als 2. M\u00f6glichkeit automatisch, welches Darlehen mit SCHUFA angeboten werden kann. Sollte die erste Pr\u00fcfung die Aussicht auf ein verbessertes Angebot mit SCHUFA ergeben, kann auch in umgekehrter Reihenfolge agiert werden. Ich kann Auskunft bei der SCHUFA \u00fcber die mich betreffenden gespeicherten Daten erhalten. Weitere Informationen \u00fcber das SCHUFA-Auskunfts- und Score-Verfahren sind unter www.meineschufa.de abrufbar. Die postalische Adresse der SCHUFA lautet:<\/p>\n<h6 class=\"p4\">SCHUFA Holding AG<\/h6>\n<h6 class=\"p4\">Privatkunden ServiceCenter ;<\/h6>\n<h6 class=\"p5\">Postfach 10 25 66<\/h6>\n<h6 class=\"p4\">44725 Bochum.<\/h6>\n<p class=\"p3\">Ich \/Wir willige\/n ein, dass die Bank das automatisierte Verfahren zur \u00dcbermittlung von Daten aus dem maschinell gef\u00fchrten Grundbuch in meinem\/unserem Auftrag zur Pr\u00fcfung meines\/unseres Darlehensantrags nutzt. Dies gilt auch f\u00fcr die \u00dcbermittlung von Antr\u00e4gen auf Auskunft aus dem Grundbuch gem\u00e4\u00df \u00a7 133 Abs. 4 Grundbuchordnung.<\/p>\n<p class=\"p6\">Ich befreie\/Wir befreien meinen\/unseren Arbeitgeber insoweit vom Datenschutz. Es ist mir\/uns bekannt, dass das Kreditinstitut die f\u00fcr eine Vertragsabwicklung notwendigen Daten speichert und verarbeitet.<\/p>\n<p class=\"p8\"><span class=\"s2\">Ich willige ein, dass die jeweilige Bank, der die Kreditanfrage zugeleitet wird, berechtigt ist, die personenbezogenen Schufadaten an den von mir beauftragten Darlehensvermittler, sowie dessen Mitarbeiter aus Gr\u00fcnden der weiteren Bearbeitung mitzuteilen.<\/span><\/p>\n<p class=\"p8\"><span class=\"s2\">Auch dem etwaigen Mitantragsteller dieser Kreditanfrage darf die Schufa-Auskunft zug\u00e4nglich gemacht werden.<\/span><\/p>\n<p class=\"p6\">Ich nehme\/wir nehmen Kenntnis, dass im Falle einer Ablehnung meine\/unsere Angaben \u00fcber diesen Zeitpunkt hinaus beim Kreditinstitut gespeichert bleiben. Sofern dieser Darlehensantrag durch die Einschaltung eines Vermittlers zustande gekommen ist, ist das Kreditinstitut befugt, die im Zusammenhang mit diesem Darlehensantrag und dem k\u00fcnftigen Darlehen stehenden Daten sowie auch Informationen \u00fcber Zahlungsst\u00f6rungen an diesen Vermittler zu \u00fcbermitteln. Die Unterschriften gelten f\u00fcr die Daten der Selbstauskunft, die Einwilligung zur \u00dcbermittlung von Daten an die Schufa sowie f\u00fcr die weiteren Erm\u00e4chtigungen.<\/p>\n<p class=\"p3\"><span class=\"s2\">\u00a710 Anwendbares Recht, Schlussbestimmungen<\/span><br \/>\nEs gilt das Recht der Bundesrepublik Deutschland. Diese Allgemeinen Gesch\u00e4ftsbedingungen sind abschlie\u00dfend f\u00fcr die Regelung der rechtlichen Beziehungen zwischen der 4youcredit<span class=\"Apple-converted-space\">\u00a0 <\/span>Kreditvermittlung und dem Kunden\/Nutzer verantwortlich.<br \/>\nSollte eine Bestimmung, oder ein Teil einer solchen Bestimmung, dieser Allgemeinen Gesch\u00e4ftsbedingungen unwirksam sein oder werden, ber\u00fchrt dies nicht die Wirksamkeit dieser Allgemeinen Gesch\u00e4ftsbedingungen im Ganzen.<\/p>\n<p style=\"text-align: center;\">AGB herunterladen als PDF<\/p>\n<p><a href=\"https:\/\/4youcredit.de\/wp-content\/uploads\/2020\/05\/Allgemeine-Geschaeftsbedingungen.pdf\"><img loading=\"lazy\" decoding=\"async\" class=\"aligncenter wp-image-800 size-full\" src=\"https:\/\/4youcredit.de\/wp-content\/uploads\/2020\/05\/pdf-icon-1.png\" alt=\"\" width=\"64\" height=\"64\" srcset=\"https:\/\/4youcredit.de\/wp-content\/uploads\/2020\/05\/pdf-icon-1.png 64w, https:\/\/4youcredit.de\/wp-content\/uploads\/2020\/05\/pdf-icon-1-36x36.png 36w\" sizes=\"(max-width: 64px) 100vw, 64px\" \/><\/a><\/p>\n<\/div><\/section><br \/>\n\n<style type=\"text\/css\" data-created_by=\"avia_inline_auto\" id=\"style-css-av-2pi4d-94277e291eaf975b0fd7073f572b38f8\">\n#top .hr.av-2pi4d-94277e291eaf975b0fd7073f572b38f8{\nmargin-top:30px;\nmargin-bottom:30px;\n}\n.hr.av-2pi4d-94277e291eaf975b0fd7073f572b38f8 .hr-inner{\nwidth:20%;\nmax-width:45%;\n}\n<\/style>\n<div  class='hr av-2pi4d-94277e291eaf975b0fd7073f572b38f8 hr-custom  avia-builder-el-6  el_after_av_textblock  avia-builder-el-last  hr-center hr-icon-yes'><span class='hr-inner inner-border-av-border-thin'><span class=\"hr-inner-style\"><\/span><\/span><span class='av-seperator-icon' aria-hidden='true' data-av_icon='\ue8bf' data-av_iconfont='entypo-fontello'><\/span><span class='hr-inner inner-border-av-border-thin'><span class=\"hr-inner-style\"><\/span><\/span><\/div><\/p><\/div><\/div><\/div><\/div><!-- close content main div --><\/div><\/div><div id='after_section_2'  class='main_color av_default_container_wrap container_wrap sidebar_right'  ><div class='container av-section-cont-open' ><div class='template-page content  av-content-small alpha units'><div class='post-entry post-entry-type-page post-entry-1010'><div class='entry-content-wrapper clearfix'><\/p>\n","protected":false},"excerpt":{"rendered":"","protected":false},"author":1,"featured_media":0,"parent":0,"menu_order":15,"comment_status":"open","ping_status":"open","template":"","meta":{"footnotes":""},"_links":{"self":[{"href":"https:\/\/4youcredit.de\/en\/wp-json\/wp\/v2\/pages\/1010"}],"collection":[{"href":"https:\/\/4youcredit.de\/en\/wp-json\/wp\/v2\/pages"}],"about":[{"href":"https:\/\/4youcredit.de\/en\/wp-json\/wp\/v2\/types\/page"}],"author":[{"embeddable":true,"href":"https:\/\/4youcredit.de\/en\/wp-json\/wp\/v2\/users\/1"}],"replies":[{"embeddable":true,"href":"https:\/\/4youcredit.de\/en\/wp-json\/wp\/v2\/comments?post=1010"}],"version-history":[{"count":2,"href":"https:\/\/4youcredit.de\/en\/wp-json\/wp\/v2\/pages\/1010\/revisions"}],"predecessor-version":[{"id":1013,"href":"https:\/\/4youcredit.de\/en\/wp-json\/wp\/v2\/pages\/1010\/revisions\/1013"}],"wp:attachment":[{"href":"https:\/\/4youcredit.de\/en\/wp-json\/wp\/v2\/media?parent=1010"}],"curies":[{"name":"wp","href":"https:\/\/api.w.org\/{rel}","templated":true}]}}