{"id":1041,"date":"2020-07-30T00:16:46","date_gmt":"2020-07-29T22:16:46","guid":{"rendered":"https:\/\/4youcredit.de\/?page_id=1041"},"modified":"2020-07-30T00:16:46","modified_gmt":"2020-07-29T22:16:46","slug":"kerjen-ajanlatot","status":"publish","type":"page","link":"https:\/\/4youcredit.de\/hu\/itthon\/kerjen-ajanlatot\/","title":{"rendered":"K\u00e9rjen aj\u00e1nlatot"},"content":{"rendered":"\n<style type=\"text\/css\" data-created_by=\"avia_inline_auto\" id=\"style-css-av-2l6e0c-69957fee3dce40d49b44df11082503ef\">\n.avia-section.av-2l6e0c-69957fee3dce40d49b44df11082503ef .av-parallax .av-parallax-inner{\nbackground-repeat:no-repeat;\nbackground-image:url(https:\/\/4youcredit.de\/wp-content\/uploads\/2020\/05\/rathaus-bw-1.jpg);\nbackground-position:50% 100%;\nbackground-attachment:scroll;\n}\n.avia-section.av-2l6e0c-69957fee3dce40d49b44df11082503ef .av-section-color-overlay{\nopacity:0.2;\nbackground-color:#000000;\n}\n<\/style>\n<div id='av_section_1'  class='avia-section av-2l6e0c-69957fee3dce40d49b44df11082503ef main_color avia-section-large avia-no-shadow  avia-builder-el-0  el_before_av_section  avia-builder-el-first  avia-full-stretch av-parallax-section avia-bg-style-parallax av-section-color-overlay-active container_wrap sidebar_right'  data-section-bg-repeat='stretch'><div class='av-parallax' data-avia-parallax-ratio='0.3' ><div class='av-parallax-inner main_color avia-full-stretch'><\/div><\/div><div class=\"av-section-color-overlay-wrap\"><div class=\"av-section-color-overlay\"><\/div><div class='container av-section-cont-open' ><main  role=\"main\" itemprop=\"mainContentOfPage\"  class='template-page content  av-content-small alpha units'><div class='post-entry post-entry-type-page post-entry-1041'><div class='entry-content-wrapper clearfix'>\n\n<style type=\"text\/css\" data-created_by=\"avia_inline_auto\" id=\"style-css-av-kd7xic8w-8be5fa9248b52aff3ad53b3d1881ba80\">\n#top .av-special-heading.av-kd7xic8w-8be5fa9248b52aff3ad53b3d1881ba80{\npadding-bottom:0;\ncolor:#ffffff;\nfont-size:50px;\n}\nbody .av-special-heading.av-kd7xic8w-8be5fa9248b52aff3ad53b3d1881ba80 .av-special-heading-tag .heading-char{\nfont-size:25px;\n}\n#top #wrap_all .av-special-heading.av-kd7xic8w-8be5fa9248b52aff3ad53b3d1881ba80 .av-special-heading-tag{\nfont-size:50px;\n}\n.av-special-heading.av-kd7xic8w-8be5fa9248b52aff3ad53b3d1881ba80 .special-heading-inner-border{\nborder-color:#ffffff;\n}\n.av-special-heading.av-kd7xic8w-8be5fa9248b52aff3ad53b3d1881ba80 .av-subheading{\nfont-size:15px;\n}\n\n@media only screen and (min-width: 480px) and (max-width: 767px){ \n#top #wrap_all .av-special-heading.av-kd7xic8w-8be5fa9248b52aff3ad53b3d1881ba80 .av-special-heading-tag{\nfont-size:0.8em;\n}\n}\n\n@media only screen and (max-width: 479px){ \n#top #wrap_all .av-special-heading.av-kd7xic8w-8be5fa9248b52aff3ad53b3d1881ba80 .av-special-heading-tag{\nfont-size:0.8em;\n}\n}\n<\/style>\n<div  class='av-special-heading av-kd7xic8w-8be5fa9248b52aff3ad53b3d1881ba80 av-special-heading-h3 custom-color-heading blockquote modern-quote modern-centered  avia-builder-el-1  el_before_av_hr  avia-builder-el-first  av-inherit-size'><h3 class='av-special-heading-tag'  itemprop=\"headline\"  >aj\u00e1nlat<\/h3><div class='av_custom_color av-subheading av-subheading_below'><p>k\u00e9r\u00e9s k\u00f6telezetts\u00e9g n\u00e9lk\u00fcl<\/p>\n<\/div><div class=\"special-heading-border\"><div class=\"special-heading-inner-border\"><\/div><\/div><\/div>\n\n<style type=\"text\/css\" data-created_by=\"avia_inline_auto\" id=\"style-css-av-26ohfg-ababcdab32cda047cd6f86a196ee6612\">\n#top .hr.av-26ohfg-ababcdab32cda047cd6f86a196ee6612{\nmargin-top:30px;\nmargin-bottom:30px;\n}\n.hr.av-26ohfg-ababcdab32cda047cd6f86a196ee6612 .hr-inner{\nwidth:20%;\nborder-color:rgba(255,255,255,0.76);\nmax-width:45%;\n}\n.hr.av-26ohfg-ababcdab32cda047cd6f86a196ee6612 .av-seperator-icon{\ncolor:#ffffff;\n}\n<\/style>\n<div  class='hr av-26ohfg-ababcdab32cda047cd6f86a196ee6612 hr-custom  avia-builder-el-2  el_after_av_heading  avia-builder-el-last  hr-center hr-icon-yes'><span class='hr-inner inner-border-av-border-thin'><span class=\"hr-inner-style\"><\/span><\/span><span class='av-seperator-icon' aria-hidden='true' data-av_icon='\ue8bf' data-av_iconfont='entypo-fontello'><\/span><span class='hr-inner inner-border-av-border-thin'><span class=\"hr-inner-style\"><\/span><\/span><\/div>\n<\/div><\/div><\/main><!-- close content main element --><\/div><\/div><\/div><div id='av_section_2'  class='avia-section av-21l4ck-eb3a378f67350fc243de9ffc62cf12be main_color avia-section-small avia-no-border-styling  avia-builder-el-3  el_after_av_section  el_before_av_section  avia-bg-style-fixed container_wrap sidebar_right'  ><div class='container av-section-cont-open' ><div class='template-page content  av-content-small alpha units'><div class='post-entry post-entry-type-page post-entry-1041'><div class='entry-content-wrapper clearfix'>\n<div class='flex_column_table av-1wgzho-6a624804ec8f65f1b42c749e7dd69b73 sc-av_one_full av-equal-height-column-flextable'>\n<style type=\"text\/css\" data-created_by=\"avia_inline_auto\" id=\"style-css-av-1wgzho-6a624804ec8f65f1b42c749e7dd69b73\">\n#top .flex_column_table.av-equal-height-column-flextable.av-1wgzho-6a624804ec8f65f1b42c749e7dd69b73{\nmargin-top:-60px;\nmargin-bottom:0px;\n}\n.flex_column.av-1wgzho-6a624804ec8f65f1b42c749e7dd69b73{\nborder-radius:0px 0px 0px 0px;\npadding:30px 30px 30px 30px;\nbackground-color:#ffffff;\n}\n<\/style>\n<div  class='flex_column av-1wgzho-6a624804ec8f65f1b42c749e7dd69b73 av_one_full  avia-builder-el-4  avia-builder-el-no-sibling  first no_margin flex_column_table_cell av-equal-height-column av-align-top  '     ><p>\n<style type=\"text\/css\" data-created_by=\"avia_inline_auto\" id=\"style-css-av-k9wv9yn1-bfe479887cc8ba3ad2470f9996aa1c10\">\n#top .hr.hr-invisible.av-k9wv9yn1-bfe479887cc8ba3ad2470f9996aa1c10{\nheight:16px;\n}\n<\/style>\n<div  class='hr av-k9wv9yn1-bfe479887cc8ba3ad2470f9996aa1c10 hr-invisible  avia-builder-el-5  el_before_av_contact  avia-builder-el-first '><span class='hr-inner '><span class=\"hr-inner-style\"><\/span><\/span><\/div><br \/>\n<form action=\"https:\/\/4youcredit.de\/hu\/itthon\/kerjen-ajanlatot\/\" method=\"post\" data-fields-with-error=\"Found errors in the following field(s):\" class=\"avia_ajax_form av-form-labels-visible   avia-builder-el-6  el_after_av_hr  el_before_av_hr   \" data-avia-form-id=\"1\" data-avia-redirect='' ><h3 class=''>Pers\u00f6nliche Daten<\/h3><fieldset><p class='  first_form  form_element form_element_third' id='element_avia_1_1'><label for=\"avia_1_1\">Kreditwunsch <abbr class=\"required\" title=\"required\">*<\/abbr><\/label> <input name=\"avia_1_1\" class=\"text_input is_positiv_number\" type=\"text\" id=\"avia_1_1\" value=\"\" \/><\/p><p class='  form_element form_element_third' id='element_avia_2_1'><label for=\"avia_2_1\">Wie lange?<\/label><select  name=\"avia_2_1\" class=\"select \" id=\"avia_2_1\"><option   value='6 Monate'>6 Monate<\/option><option   value='12 Monate'>12 Monate<\/option><option   value='18 Monate'>18 Monate<\/option><option   value='24 Monate'>24 Monate<\/option><option   value='36 Monate'>36 Monate<\/option><option   value='48 Monate'>48 Monate<\/option><option   value='60 Monate'>60 Monate<\/option><option   value='72 Monate'>72 Monate<\/option><option   value='84 Monate'>84 Monate<\/option><option   value='96 Monate'>96 Monate<\/option><option   value='108 Monate'>108 Monate<\/option><option   value='120 Monate'>120 Monate<\/option><option   value='15 Jahre'>15 Jahre<\/option><option   value='20 Jahre'>20 Jahre<\/option><option   value='30 Jahre'>30 Jahre<\/option><option   value='40 Jahre'>40 Jahre<\/option><\/select><\/p><p class='  form_element form_element_third' id='element_avia_3_1'><label for=\"avia_3_1\">Wof\u00fcr?<\/label><select  name=\"avia_3_1\" class=\"select \" id=\"avia_3_1\"><option   value='Freieverwendung'>Freieverwendung<\/option><option   value='Gebrauchtfahrzeug'>Gebrauchtfahrzeug<\/option><option   value='Neufahrzeug'>Neufahrzeug<\/option><option   value='Motorrad'>Motorrad<\/option><option   value='Umschuldung\/Kredit'>Umschuldung\/Kredit<\/option><option   value='Ausgleich\/Dispo'>Ausgleich\/Dispo<\/option><option   value='Einrichtung\/M\u00f6bel'>Einrichtung\/M\u00f6bel<\/option><option   value='Modernisierung\/Baufinanzierung'>Modernisierung\/Baufinanzierung<\/option><option   value='Reise'>Reise<\/option><\/select><\/p><div id='avia_4_1' class='av-form-text'><\/p>\n<hr \/>\n<p>\n<\/div><p class='  first_form  form_element form_element_third' id='element_avia_5_1'><label for=\"avia_5_1\">Anrede<\/label><select  name=\"avia_5_1\" class=\"select \" id=\"avia_5_1\"><option   value='Frau'>Frau<\/option><option   value='Herr'>Herr<\/option><\/select><\/p><p class='  form_element form_element_third' id='element_avia_6_1'><label for=\"avia_6_1\">Vorname <abbr class=\"required\" title=\"required\">*<\/abbr><\/label> <input name=\"avia_6_1\" class=\"text_input is_empty\" type=\"text\" id=\"avia_6_1\" value=\"\" \/><\/p><p class='  form_element form_element_third' id='element_avia_7_1'><label for=\"avia_7_1\">Nachname <abbr class=\"required\" title=\"required\">*<\/abbr><\/label> <input name=\"avia_7_1\" class=\"text_input is_empty\" type=\"text\" id=\"avia_7_1\" value=\"\" \/><\/p><p class='  first_form  form_element form_element_third' id='element_avia_8_1'><label for=\"avia_8_1\">Strasse\/Hausnr.<\/label> <input name=\"avia_8_1\" class=\"text_input \" type=\"text\" id=\"avia_8_1\" value=\"\" \/><\/p><p class='  form_element form_element_third' id='element_avia_9_1'><label for=\"avia_9_1\">PLZ<\/label> <input name=\"avia_9_1\" class=\"text_input \" type=\"text\" id=\"avia_9_1\" value=\"\" \/><\/p><p class='  form_element form_element_third' id='element_avia_10_1'><label for=\"avia_10_1\">Ort<\/label> <input name=\"avia_10_1\" class=\"text_input \" type=\"text\" id=\"avia_10_1\" value=\"\" \/><\/p><p class='  first_form  form_element form_fullwidth' id='element_avia_11_1'><label for=\"avia_11_1\">Geburtsdatum<\/label> <input name=\"avia_11_1\" class=\"avia_datepicker text_input \" type=\"text\" id=\"avia_11_1\" value=\"\" placeholder=\"DD \/ MM \/ YY\" inputmode=\"none\" \/><\/p><div id='avia_12_1' class='av-form-text'><\/p>\n<hr \/>\n<h4 class=\"h4 g-font-weight-700\">Kontaktdaten<\/h4>\n<p>\n<\/div><p class='  first_form  form_element form_element_third' id='element_avia_13_1'><label for=\"avia_13_1\">E-Mail <abbr class=\"required\" title=\"required\">*<\/abbr><\/label> <input name=\"avia_13_1\" class=\"text_input is_email\" type=\"text\" id=\"avia_13_1\" value=\"\" \/><\/p><p class='  form_element form_element_third' id='element_avia_14_1'><label for=\"avia_14_1\">Telefon<\/label> <input name=\"avia_14_1\" class=\"text_input \" type=\"text\" id=\"avia_14_1\" value=\"\" \/><\/p><p class='  form_element form_element_third' id='element_avia_15_1'><label for=\"avia_15_1\">Telefon alternativ<\/label> <input name=\"avia_15_1\" class=\"text_input \" type=\"text\" id=\"avia_15_1\" value=\"\" \/><\/p><p class='  first_form  form_element form_fullwidth' id='element_avia_16_1'><input  name=\"avia_16_1\" class=\"input_checkbox is_empty\" type=\"checkbox\" id=\"avia_16_1\" value=\"true\"\/><label class=\"input_checkbox_label\" for=\"avia_16_1\">Der Verarbeitung, Speicherung und Nutzung meiner pers\u00f6nlichen Daten zum Zweck der Antragsbearbeitung stimme ich zu. Mit den Inhalten\/Hinweisen zu <a class=\"link\" href=\"https:\/\/4youcredit.de\/datenschutzerklaerung\/\" data-toggle=\"modal\" data-target=\"#datenschutz\">Datenschutz<\/a>, Datenverarbeitung und zur neutralen Konditionsanfrage bin ich einverstanden. <abbr class=\"required\" title=\"required\">*<\/abbr><\/label><\/p><p class='  first_form  form_element form_fullwidth av-last-visible-form-element' id='element_avia_17_1'><input  name=\"avia_17_1\" class=\"input_checkbox \" type=\"checkbox\" id=\"avia_17_1\" value=\"true\"\/><label class=\"input_checkbox_label\" for=\"avia_17_1\">Ich bin einverstanden, weitere aktuelle Angebote zu den Themen Geld, Finanzen, Versicherungen und Sparen von 4 You Credit und unseren Kooperationspartnern per Post, E-Mail oder telefonisch zu erhalten. Ich stimme zu, das Sie meine Kontaktdaten an die von mir ausgew\u00e4hlten Kooperationspartnern weitergeben. Diese Zustimmung kann ich jederzeit formlos widerrufen.<\/label><\/p><p class=\"hidden\"><input type=\"text\" name=\"avia_18_1\" class=\"hidden \" id=\"avia_18_1\" value=\"\" \/><\/p><p class=\"form_element \"><input type=\"hidden\" value=\"1\" name=\"avia_generated_form1\" \/><input type=\"submit\" value=\"Senden\" class=\"button\"  data-sending-label=\"K\u00fcld\u00e9s\"\/><\/p><\/fieldset><\/form><div id=\"ajaxresponse_1\" class=\"ajaxresponse ajaxresponse_1 hidden\"><\/div><br \/>\n\n<style type=\"text\/css\" data-created_by=\"avia_inline_auto\" id=\"style-css-av-1g7bdw-c969e7cf2c5644d898a4f9b686a9465b\">\n#top .hr.av-1g7bdw-c969e7cf2c5644d898a4f9b686a9465b{\nmargin-top:30px;\nmargin-bottom:30px;\n}\n.hr.av-1g7bdw-c969e7cf2c5644d898a4f9b686a9465b .hr-inner{\nwidth:45%;\nmax-width:45%;\n}\n<\/style>\n<div  class='hr av-1g7bdw-c969e7cf2c5644d898a4f9b686a9465b hr-custom  avia-builder-el-7  el_after_av_contact  avia-builder-el-last  hr-center hr-icon-yes'><span class='hr-inner inner-border-av-border-thin'><span class=\"hr-inner-style\"><\/span><\/span><span class='av-seperator-icon' aria-hidden='true' data-av_icon='\ue8bf' data-av_iconfont='entypo-fontello'><\/span><span class='hr-inner inner-border-av-border-thin'><span class=\"hr-inner-style\"><\/span><\/span><\/div><\/p><\/div><\/div><!--close column table wrapper. Autoclose: 1 -->\n<\/p>\n<\/div><\/div><\/div><!-- close content main div --><\/div><\/div><div id='av_section_3'  class='avia-section av-k1lk0-3e015de5b816b3e998db5b3e18eda653 main_color avia-section-small avia-no-border-styling  avia-builder-el-8  el_after_av_section  avia-builder-el-last  avia-bg-style-scroll container_wrap sidebar_right'  ><div class='container av-section-cont-open' ><div class='template-page content  av-content-small alpha units'><div class='post-entry post-entry-type-page post-entry-1041'><div class='entry-content-wrapper clearfix'>\n<div class='flex_column_table av-jmy8o-143d0abdedffc78da64edfd8156873c6 sc-av_one_full av-equal-height-column-flextable'>\n<style type=\"text\/css\" data-created_by=\"avia_inline_auto\" id=\"style-css-av-jmy8o-143d0abdedffc78da64edfd8156873c6\">\n#top .flex_column_table.av-equal-height-column-flextable.av-jmy8o-143d0abdedffc78da64edfd8156873c6{\nmargin-top:-60px;\nmargin-bottom:0px;\n}\n.flex_column.av-jmy8o-143d0abdedffc78da64edfd8156873c6{\nborder-radius:0px 0px 0px 0px;\npadding:30px 30px 30px 30px;\nbackground-color:#ffffff;\n}\n<\/style>\n<div  class='flex_column av-jmy8o-143d0abdedffc78da64edfd8156873c6 av_one_full  avia-builder-el-9  avia-builder-el-no-sibling  first no_margin flex_column_table_cell av-equal-height-column av-align-top  '     ><p><br \/>\n\n<style type=\"text\/css\" data-created_by=\"avia_inline_auto\" id=\"style-css-av-iaj6o-caef71aeddd7bfc4c43d01da727db61e\">\n#top .hr.hr-invisible.av-iaj6o-caef71aeddd7bfc4c43d01da727db61e{\nmargin-top:-30px;\nheight:1px;\n}\n<\/style>\n<div  class='hr av-iaj6o-caef71aeddd7bfc4c43d01da727db61e hr-invisible  avia-builder-el-11  el_after_av_codeblock  avia-builder-el-last '><span class='hr-inner '><span class=\"hr-inner-style\"><\/span><\/span><\/div><\/p><\/div><\/div><!--close column table wrapper. Autoclose: 1 -->\n<\/div><\/div><\/div><!-- close content main div --><\/div><\/div><div id='after_section_3'  class='main_color av_default_container_wrap container_wrap sidebar_right'  ><div class='container av-section-cont-open' ><div class='template-page content  av-content-small alpha units'><div class='post-entry post-entry-type-page post-entry-1041'><div class='entry-content-wrapper clearfix'>\n","protected":false},"excerpt":{"rendered":"","protected":false},"author":1,"featured_media":0,"parent":1023,"menu_order":2,"comment_status":"open","ping_status":"open","template":"","meta":{"footnotes":""},"_links":{"self":[{"href":"https:\/\/4youcredit.de\/hu\/wp-json\/wp\/v2\/pages\/1041"}],"collection":[{"href":"https:\/\/4youcredit.de\/hu\/wp-json\/wp\/v2\/pages"}],"about":[{"href":"https:\/\/4youcredit.de\/hu\/wp-json\/wp\/v2\/types\/page"}],"author":[{"embeddable":true,"href":"https:\/\/4youcredit.de\/hu\/wp-json\/wp\/v2\/users\/1"}],"replies":[{"embeddable":true,"href":"https:\/\/4youcredit.de\/hu\/wp-json\/wp\/v2\/comments?post=1041"}],"version-history":[{"count":2,"href":"https:\/\/4youcredit.de\/hu\/wp-json\/wp\/v2\/pages\/1041\/revisions"}],"predecessor-version":[{"id":1043,"href":"https:\/\/4youcredit.de\/hu\/wp-json\/wp\/v2\/pages\/1041\/revisions\/1043"}],"up":[{"embeddable":true,"href":"https:\/\/4youcredit.de\/hu\/wp-json\/wp\/v2\/pages\/1023"}],"wp:attachment":[{"href":"https:\/\/4youcredit.de\/hu\/wp-json\/wp\/v2\/media?parent=1041"}],"curies":[{"name":"wp","href":"https:\/\/api.w.org\/{rel}","templated":true}]}}