{"id":1044,"date":"2020-07-30T00:18:07","date_gmt":"2020-07-29T22:18:07","guid":{"rendered":"https:\/\/4youcredit.de\/?page_id=1044"},"modified":"2020-08-01T04:04:51","modified_gmt":"2020-08-01T02:04:51","slug":"cegek","status":"publish","type":"page","link":"https:\/\/4youcredit.de\/hu\/cegek\/","title":{"rendered":"C\u00e9gek"},"content":{"rendered":"\n<style type=\"text\/css\" data-created_by=\"avia_inline_auto\" id=\"style-css-av-dahx8-aede888c29feee2867f4f8f998c56c91\">\n.avia-section.av-dahx8-aede888c29feee2867f4f8f998c56c91 .av-parallax .av-parallax-inner{\nbackground-repeat:no-repeat;\nbackground-image:url(https:\/\/4youcredit.de\/wp-content\/uploads\/2020\/05\/rathaus-dreamy-1.jpg);\nbackground-position:0% 100%;\nbackground-attachment:scroll;\n}\n.avia-section.av-dahx8-aede888c29feee2867f4f8f998c56c91 .av-section-color-overlay{\nopacity:0.2;\nbackground-color:#000000;\n}\n<\/style>\n<div id='av_section_1'  class='avia-section av-dahx8-aede888c29feee2867f4f8f998c56c91 main_color avia-section-large avia-no-shadow  avia-builder-el-0  el_before_av_section  avia-builder-el-first  avia-full-stretch av-parallax-section avia-bg-style-parallax av-section-color-overlay-active av-minimum-height av-minimum-height-35 av-height-percent  container_wrap sidebar_right'  data-section-bg-repeat='stretch' data-av_minimum_height_pc='35' data-av_min_height_opt='percent'><div class='av-parallax' data-avia-parallax-ratio='0.3' ><div class='av-parallax-inner main_color avia-full-stretch'><\/div><\/div><div class=\"av-section-color-overlay-wrap\"><div class=\"av-section-color-overlay\"><\/div><div class='container av-section-cont-open' ><main  role=\"main\" itemprop=\"mainContentOfPage\"  class='template-page content  av-content-small alpha units'><div class='post-entry post-entry-type-page post-entry-1044'><div class='entry-content-wrapper clearfix'>\n\n<style type=\"text\/css\" data-created_by=\"avia_inline_auto\" id=\"style-css-av-kd7xjswu-ac99f894868078eb87b34dcb1914a443\">\n#top .av-special-heading.av-kd7xjswu-ac99f894868078eb87b34dcb1914a443{\npadding-bottom:0;\ncolor:#ffffff;\nfont-size:50px;\n}\nbody .av-special-heading.av-kd7xjswu-ac99f894868078eb87b34dcb1914a443 .av-special-heading-tag .heading-char{\nfont-size:25px;\n}\n#top #wrap_all .av-special-heading.av-kd7xjswu-ac99f894868078eb87b34dcb1914a443 .av-special-heading-tag{\nfont-size:50px;\n}\n.av-special-heading.av-kd7xjswu-ac99f894868078eb87b34dcb1914a443 .special-heading-inner-border{\nborder-color:#ffffff;\n}\n.av-special-heading.av-kd7xjswu-ac99f894868078eb87b34dcb1914a443 .av-subheading{\nfont-size:32px;\n}\n\n@media only screen and (min-width: 480px) and (max-width: 767px){ \n#top #wrap_all .av-special-heading.av-kd7xjswu-ac99f894868078eb87b34dcb1914a443 .av-special-heading-tag{\nfont-size:0.8em;\n}\n}\n\n@media only screen and (max-width: 479px){ \n#top #wrap_all .av-special-heading.av-kd7xjswu-ac99f894868078eb87b34dcb1914a443 .av-special-heading-tag{\nfont-size:0.8em;\n}\n}\n<\/style>\n<div  class='av-special-heading av-kd7xjswu-ac99f894868078eb87b34dcb1914a443 av-special-heading-h3 custom-color-heading blockquote modern-quote modern-centered  avia-builder-el-1  el_before_av_hr  avia-builder-el-first  av-inherit-size'><h3 class='av-special-heading-tag'  itemprop=\"headline\"  >A v\u00e1llalkoz\u00e1s<\/h3><div class='av_custom_color av-subheading av-subheading_below'><p>Kik vagyunk<\/p>\n<\/div><div class=\"special-heading-border\"><div class=\"special-heading-inner-border\"><\/div><\/div><\/div>\n\n<style type=\"text\/css\" data-created_by=\"avia_inline_auto\" id=\"style-css-av-c4srk-6c37f42784e7b69f7b5b7ed37df0389b\">\n#top .hr.av-c4srk-6c37f42784e7b69f7b5b7ed37df0389b{\nmargin-top:30px;\nmargin-bottom:30px;\n}\n.hr.av-c4srk-6c37f42784e7b69f7b5b7ed37df0389b .hr-inner{\nwidth:20%;\nborder-color:rgba(255,255,255,0.76);\nmax-width:45%;\n}\n.hr.av-c4srk-6c37f42784e7b69f7b5b7ed37df0389b .av-seperator-icon{\ncolor:#ffffff;\n}\n<\/style>\n<div  class='hr av-c4srk-6c37f42784e7b69f7b5b7ed37df0389b hr-custom  avia-builder-el-2  el_after_av_heading  avia-builder-el-last  hr-center hr-icon-yes'><span class='hr-inner inner-border-av-border-thin'><span class=\"hr-inner-style\"><\/span><\/span><span class='av-seperator-icon' aria-hidden='true' data-av_icon='\ue8bf' data-av_iconfont='entypo-fontello'><\/span><span class='hr-inner inner-border-av-border-thin'><span class=\"hr-inner-style\"><\/span><\/span><\/div>\n\n<\/div><\/div><\/main><!-- close content main element --><\/div><\/div><\/div><div id='av_section_2'  class='avia-section av-btio4-2c74badb7baacc7be1ab13f1caefcad4 main_color avia-section-small avia-no-border-styling  avia-builder-el-3  el_after_av_section  avia-builder-el-last  avia-bg-style-fixed container_wrap sidebar_right'  ><div class='container av-section-cont-open' ><div class='template-page content  av-content-small alpha units'><div class='post-entry post-entry-type-page post-entry-1044'><div class='entry-content-wrapper clearfix'>\n<div class='flex_column_table av-b6amw-407b04e97b659a04528b75e974777bf8 sc-av_two_third av-equal-height-column-flextable'>\n<style type=\"text\/css\" data-created_by=\"avia_inline_auto\" id=\"style-css-av-b6amw-407b04e97b659a04528b75e974777bf8\">\n#top .flex_column_table.av-equal-height-column-flextable.av-b6amw-407b04e97b659a04528b75e974777bf8{\nmargin-top:-60px;\nmargin-bottom:0px;\n}\n.flex_column.av-b6amw-407b04e97b659a04528b75e974777bf8{\nborder-radius:0px 0px 0px 0px;\npadding:30px 30px 30px 30px;\nbackground-color:#ffffff;\n}\n<\/style>\n<div  class='flex_column av-b6amw-407b04e97b659a04528b75e974777bf8 av_two_third  avia-builder-el-4  el_before_av_one_third  avia-builder-el-first  first no_margin flex_column_table_cell av-equal-height-column av-align-top  '     ><p>\n<style type=\"text\/css\" data-created_by=\"avia_inline_auto\" id=\"style-css-av-90bds-c177e4344a763bdc454cf51e8ee751e3\">\n#top .hr.hr-invisible.av-90bds-c177e4344a763bdc454cf51e8ee751e3{\nheight:4px;\n}\n<\/style>\n<div  class='hr av-90bds-c177e4344a763bdc454cf51e8ee751e3 hr-invisible  avia-builder-el-5  el_before_av_heading  avia-builder-el-first '><span class='hr-inner '><span class=\"hr-inner-style\"><\/span><\/span><\/div><br \/>\n\n<style type=\"text\/css\" data-created_by=\"avia_inline_auto\" id=\"style-css-av-av_heading-cd89e5902b00882e80ffda51c8545a33\">\n#top .av-special-heading.av-av_heading-cd89e5902b00882e80ffda51c8545a33{\npadding-bottom:0;\n}\nbody .av-special-heading.av-av_heading-cd89e5902b00882e80ffda51c8545a33 .av-special-heading-tag .heading-char{\nfont-size:25px;\n}\n.av-special-heading.av-av_heading-cd89e5902b00882e80ffda51c8545a33 .av-subheading{\nfont-size:15px;\n}\n<\/style>\n<div  class='av-special-heading av-av_heading-cd89e5902b00882e80ffda51c8545a33 av-special-heading-h3 blockquote modern-quote  avia-builder-el-6  el_after_av_hr  el_before_av_textblock '><h3 class='av-special-heading-tag'  itemprop=\"headline\"  >\u00c9rt\u00e9keink \u00e9s \u00edg\u00e9ret\u00fcnk<\/h3><div class=\"special-heading-border\"><div class=\"special-heading-inner-border\"><\/div><\/div><\/div><br \/>\n\n<style type=\"text\/css\" data-created_by=\"avia_inline_auto\" id=\"style-css-av-9vmp4-e930d16a955730d7bb821d84a491e8d0\">\n#top .av_textblock_section.av-9vmp4-e930d16a955730d7bb821d84a491e8d0 .avia_textblock{\nfont-size:18px;\n}\n<\/style>\n<section  class='av_textblock_section av-9vmp4-e930d16a955730d7bb821d84a491e8d0 '   itemscope=\"itemscope\" itemtype=\"https:\/\/schema.org\/CreativeWork\" ><div class='avia_textblock'  itemprop=\"text\" ><p>Mi a 4YouCreditn\u00e9l nagy jelent\u0151s\u00e9get tulajdon\u00edtunk az el\u00e9gedett \u00fcgyfeleknek \u00e9s az \u00e1tl\u00e1that\u00f3s\u00e1gnak.<\/p>\n<p>Mindig igyeksz\u00fcnk k\u00edv\u00e1ns\u00e1gait \u00e9s \u00e1lmait a lehet\u0151 leghat\u00e9konyabban megval\u00f3s\u00edtani, a napi kamatl\u00e1bak alapj\u00e1n.<\/p>\n<p>Nem sz\u00e1m\u00edt, hogy mag\u00e1nhiteleket (ingyenes \u00e1truh\u00e1z\u00e1s), ad\u00f3ss\u00e1g\u00e1t\u00fctemez\u00e9st (dr\u00e1ga k\u00f6lcs\u00f6n\u00f6k), vagy lak\u00e1sfinansz\u00edroz\u00e1si vagy fel\u00faj\u00edt\u00e1si hiteleket haszn\u00e1l-e.<\/p>\n<p>Arra is tan\u00e1csot adunk \u00d6nnek, ha t\u00e1mogatott megtakar\u00edt\u00e1si lehet\u0151s\u00e9geket k\u00edn\u00e1l, amelyek k\u00fcl\u00f6n\u00f6sen gyermekes csal\u00e1dok sz\u00e1m\u00e1ra aj\u00e1nlottak.<\/p>\n<p>\u00cdg\u00e9ret\u00fcnk \u00d6nnek: Mindig mindent megtesz\u00fcnk annak \u00e9rdek\u00e9ben, hogy mindig aj\u00e1nlhasson minket. \u0150k z\u00e1szl\u00f3shaj\u00f3ink az el\u00e9gedetts\u00e9g szempontj\u00e1b\u00f3l.<\/p>\n<p>V\u00e9lem\u00e9ny\u00fcnk szerint a legjobb rekl\u00e1m tov\u00e1bbra is az el\u00e9gedett \u00fcgyfelek folyamatos aj\u00e1nl\u00e1sa.<\/p>\n<p>Nem tesz\u00fcnk kompromisszumot az \u00edg\u00e9reteinkkel kapcsolatban:<\/p>\n<\/div><\/section><br \/>\n\n<style type=\"text\/css\" data-created_by=\"avia_inline_auto\" id=\"style-css-av-90bds-f33cd49ec069e4c2662033cc5e77dc85\">\n#top .hr.av-90bds-f33cd49ec069e4c2662033cc5e77dc85{\nmargin-top:30px;\nmargin-bottom:30px;\n}\n.hr.av-90bds-f33cd49ec069e4c2662033cc5e77dc85 .hr-inner{\nwidth:45%;\nmax-width:45%;\n}\n<\/style>\n<div  class='hr av-90bds-f33cd49ec069e4c2662033cc5e77dc85 hr-custom  avia-builder-el-8  el_after_av_textblock  el_before_av_slideshow  hr-center hr-icon-yes'><span class='hr-inner inner-border-av-border-thin'><span class=\"hr-inner-style\"><\/span><\/span><span class='av-seperator-icon' aria-hidden='true' data-av_icon='\ue8bf' data-av_iconfont='entypo-fontello'><\/span><span class='hr-inner inner-border-av-border-thin'><span class=\"hr-inner-style\"><\/span><\/span><\/div><br \/>\n<div  class='avia-slideshow av-7ocx0-20aba024e6c2bf79e0253612499171c2 avia-slideshow-entry_with_sidebar av_slideshow avia-slide-slider  avia-builder-el-9  el_after_av_hr  el_before_av_hr  av-slideshow-ui av-control-hidden av-no-slider-navigation av-hide-nav-arrows av-slideshow-autoplay av-loop-endless av-loop-manual-endless av-default-height-applied avia-slideshow-1' data-slideshow-options=\"{&quot;animation&quot;:&quot;slide&quot;,&quot;autoplay&quot;:true,&quot;loop_autoplay&quot;:&quot;endless&quot;,&quot;interval&quot;:3,&quot;loop_manual&quot;:&quot;manual-endless&quot;,&quot;autoplay_stopper&quot;:false,&quot;noNavigation&quot;:true,&quot;bg_slider&quot;:false,&quot;keep_padding&quot;:false,&quot;hoverpause&quot;:false,&quot;show_slide_delay&quot;:0}\"  itemprop=\"image\" itemscope=\"itemscope\" itemtype=\"https:\/\/schema.org\/ImageObject\" ><ul class='avia-slideshow-inner ' style='padding-bottom: 37.988165680473%;'><\/ul><\/div><br \/>\n\n<style type=\"text\/css\" data-created_by=\"avia_inline_auto\" id=\"style-css-av-7tvu4-6cb14c3ba83e12eb9253f111e66f02d5\">\n#top .hr.av-7tvu4-6cb14c3ba83e12eb9253f111e66f02d5{\nmargin-top:30px;\nmargin-bottom:30px;\n}\n.hr.av-7tvu4-6cb14c3ba83e12eb9253f111e66f02d5 .hr-inner{\nwidth:45%;\nmax-width:45%;\n}\n<\/style>\n<div  class='hr av-7tvu4-6cb14c3ba83e12eb9253f111e66f02d5 hr-custom  avia-builder-el-10  el_after_av_slideshow  avia-builder-el-last  hr-center hr-icon-yes'><span class='hr-inner inner-border-av-border-thin'><span class=\"hr-inner-style\"><\/span><\/span><span class='av-seperator-icon' aria-hidden='true' data-av_icon='\ue8bf' data-av_iconfont='entypo-fontello'><\/span><span class='hr-inner inner-border-av-border-thin'><span class=\"hr-inner-style\"><\/span><\/span><\/div><\/p><\/div>\n<style type=\"text\/css\" data-created_by=\"avia_inline_auto\" id=\"style-css-av-dwx8-680d9fb5b95b7cc2e7e301aa241f0564\">\n#top .flex_column_table.av-equal-height-column-flextable.av-dwx8-680d9fb5b95b7cc2e7e301aa241f0564{\nmargin-top:-60px;\nmargin-bottom:0px;\n}\n.flex_column.av-dwx8-680d9fb5b95b7cc2e7e301aa241f0564{\nborder-radius:0px 0px 0px 0px;\npadding:30px 30px 30px 30px;\nbackground-color:#f0f0f0;\n}\n<\/style>\n<div  class='flex_column av-dwx8-680d9fb5b95b7cc2e7e301aa241f0564 av_one_third  avia-builder-el-11  el_after_av_two_third  avia-builder-el-last  no_margin flex_column_table_cell av-equal-height-column av-align-top  '     ><section  class='av_textblock_section av-57nmo-62ef4398ccdce35b0f0cac1a6c9e06cf '   itemscope=\"itemscope\" itemtype=\"https:\/\/schema.org\/CreativeWork\" ><div class='avia_textblock'  itemprop=\"text\" ><h2 class=\"p1\">K\u00edn\u00e1latunk:<\/h2>\n<hr \/>\n<ul>\n<li class=\"p1\">\u00c9p\u00fcletfinansz\u00edroz\u00e1s (saj\u00e1t t\u0151ke n\u00e9lk\u00fcl lehets\u00e9ges)<\/li>\n<li class=\"p1\">Moderniz\u00e1ci\u00f3s k\u00f6lcs\u00f6n (ak\u00e1r 20 \u00e9vig is lehets\u00e9ges)<\/li>\n<li class=\"p1\">Szem\u00e9lyes k\u00f6lcs\u00f6n\u00f6k (ak\u00e1r 10 \u00e9vig is lehets\u00e9ges)<\/li>\n<li class=\"p1\">\u00d6r\u00f6mmel kisz\u00e1moljuk a megl\u00e9v\u0151 hitelek ad\u00f3ss\u00e1g\u00e1t\u00fctemez\u00e9s\u00e9t annak meg\u00e1llap\u00edt\u00e1sa \u00e9rdek\u00e9ben, hogy j\u00f6vedelmez\u0151-e az ad\u00f3ss\u00e1g\u00e1t\u00fctemez\u00e9s.<\/li>\n<li class=\"p1\">K\u00edn\u00e1lunk szak\u00e9rtelemmel a megtakar\u00edt\u00e1sok \u00e9p\u00edt\u00e9s\u00e9hez \/ a Riester finansz\u00edroz\u00e1s\u00e1hoz is.<\/li>\n<li class=\"p1\">Bausparen \/ &amp; Wohnriester<\/li>\n<li class=\"p1\">Eszk\u00f6z alap\u00fa teljes\u00edtm\u00e9nyen<\/li>\n<\/ul>\n<\/div><\/section><br \/>\n\n<style type=\"text\/css\" data-created_by=\"avia_inline_auto\" id=\"style-css-av-13mgo-3f122afae5c581417c745bdf482e22ea\">\n#top .hr.av-13mgo-3f122afae5c581417c745bdf482e22ea{\nmargin-top:30px;\nmargin-bottom:30px;\n}\n.hr.av-13mgo-3f122afae5c581417c745bdf482e22ea .hr-inner{\nwidth:45%;\nmax-width:45%;\n}\n<\/style>\n<div  class='hr av-13mgo-3f122afae5c581417c745bdf482e22ea hr-custom  avia-builder-el-13  el_after_av_textblock  avia-builder-el-last  hr-center hr-icon-yes'><span class='hr-inner inner-border-av-border-thin'><span class=\"hr-inner-style\"><\/span><\/span><span class='av-seperator-icon' aria-hidden='true' data-av_icon='\ue8bf' data-av_iconfont='entypo-fontello'><\/span><span class='hr-inner inner-border-av-border-thin'><span class=\"hr-inner-style\"><\/span><\/span><\/div><\/p><\/div><\/div><!--close column table wrapper. Autoclose: 1 --><\/div><\/div><\/div><!-- close content main div --><\/div><\/div><div id='after_section_2'  class='main_color av_default_container_wrap container_wrap sidebar_right'  ><div class='container av-section-cont-open' ><div class='template-page content  av-content-small alpha units'><div class='post-entry post-entry-type-page post-entry-1044'><div class='entry-content-wrapper clearfix'>\n","protected":false},"excerpt":{"rendered":"","protected":false},"author":1,"featured_media":0,"parent":0,"menu_order":2,"comment_status":"open","ping_status":"open","template":"","meta":{"footnotes":""},"_links":{"self":[{"href":"https:\/\/4youcredit.de\/hu\/wp-json\/wp\/v2\/pages\/1044"}],"collection":[{"href":"https:\/\/4youcredit.de\/hu\/wp-json\/wp\/v2\/pages"}],"about":[{"href":"https:\/\/4youcredit.de\/hu\/wp-json\/wp\/v2\/types\/page"}],"author":[{"embeddable":true,"href":"https:\/\/4youcredit.de\/hu\/wp-json\/wp\/v2\/users\/1"}],"replies":[{"embeddable":true,"href":"https:\/\/4youcredit.de\/hu\/wp-json\/wp\/v2\/comments?post=1044"}],"version-history":[{"count":9,"href":"https:\/\/4youcredit.de\/hu\/wp-json\/wp\/v2\/pages\/1044\/revisions"}],"predecessor-version":[{"id":1184,"href":"https:\/\/4youcredit.de\/hu\/wp-json\/wp\/v2\/pages\/1044\/revisions\/1184"}],"wp:attachment":[{"href":"https:\/\/4youcredit.de\/hu\/wp-json\/wp\/v2\/media?parent=1044"}],"curies":[{"name":"wp","href":"https:\/\/api.w.org\/{rel}","templated":true}]}}