{"id":1047,"date":"2020-07-30T00:19:04","date_gmt":"2020-07-29T22:19:04","guid":{"rendered":"https:\/\/4youcredit.de\/?page_id=1047"},"modified":"2020-11-21T11:08:38","modified_gmt":"2020-11-21T10:08:38","slug":"impresszum","status":"publish","type":"page","link":"https:\/\/4youcredit.de\/hu\/impresszum\/","title":{"rendered":"impresszum"},"content":{"rendered":"\n<style type=\"text\/css\" data-created_by=\"avia_inline_auto\" id=\"style-css-av-6b6k9-c8e8f9a43bef25474172480cd19ee5f6\">\n.avia-section.av-6b6k9-c8e8f9a43bef25474172480cd19ee5f6{\nbackground-repeat:no-repeat;\nbackground-image:url(https:\/\/4youcredit.de\/wp-content\/uploads\/2020\/05\/Titelbild-karte.jpg);\nbackground-position:50% 100%;\nbackground-attachment:fixed;\n}\n.avia-section.av-6b6k9-c8e8f9a43bef25474172480cd19ee5f6 .av-section-color-overlay{\nopacity:0.3;\nbackground-color:#000000;\n}\n<\/style>\n<div id='av_section_1'  class='avia-section av-6b6k9-c8e8f9a43bef25474172480cd19ee5f6 main_color avia-section-large avia-no-shadow  avia-builder-el-0  el_before_av_section  avia-builder-el-first  avia-full-stretch avia-bg-style-fixed av-section-color-overlay-active container_wrap sidebar_right'  data-section-bg-repeat='stretch'><div class=\"av-section-color-overlay-wrap\"><div class=\"av-section-color-overlay\"><\/div><div class='container av-section-cont-open' ><main  role=\"main\" itemprop=\"mainContentOfPage\"  class='template-page content  av-content-small alpha units'><div class='post-entry post-entry-type-page post-entry-1047'><div class='entry-content-wrapper clearfix'>\n\n<style type=\"text\/css\" data-created_by=\"avia_inline_auto\" id=\"style-css-av-kd7xl7uw-69abfe061c185a63c7e34e4347e70c1f\">\n#top .av-special-heading.av-kd7xl7uw-69abfe061c185a63c7e34e4347e70c1f{\npadding-bottom:0;\ncolor:#ffffff;\nfont-size:50px;\n}\nbody .av-special-heading.av-kd7xl7uw-69abfe061c185a63c7e34e4347e70c1f .av-special-heading-tag .heading-char{\nfont-size:25px;\n}\n#top #wrap_all .av-special-heading.av-kd7xl7uw-69abfe061c185a63c7e34e4347e70c1f .av-special-heading-tag{\nfont-size:50px;\n}\n.av-special-heading.av-kd7xl7uw-69abfe061c185a63c7e34e4347e70c1f .special-heading-inner-border{\nborder-color:#ffffff;\n}\n.av-special-heading.av-kd7xl7uw-69abfe061c185a63c7e34e4347e70c1f .av-subheading{\nfont-size:15px;\n}\n\n@media only screen and (min-width: 480px) and (max-width: 767px){ \n#top #wrap_all .av-special-heading.av-kd7xl7uw-69abfe061c185a63c7e34e4347e70c1f .av-special-heading-tag{\nfont-size:0.8em;\n}\n}\n\n@media only screen and (max-width: 479px){ \n#top #wrap_all .av-special-heading.av-kd7xl7uw-69abfe061c185a63c7e34e4347e70c1f .av-special-heading-tag{\nfont-size:0.8em;\n}\n}\n<\/style>\n<div  class='av-special-heading av-kd7xl7uw-69abfe061c185a63c7e34e4347e70c1f av-special-heading-h3 custom-color-heading blockquote modern-quote  avia-builder-el-1  el_before_av_hr  avia-builder-el-first  av-inherit-size'><h3 class='av-special-heading-tag'  itemprop=\"headline\"  >impresszum<\/h3><div class=\"special-heading-border\"><div class=\"special-heading-inner-border\"><\/div><\/div><\/div>\n\n<style type=\"text\/css\" data-created_by=\"avia_inline_auto\" id=\"style-css-av-574ct-383214e9c1298653f752947dcdbb20ae\">\n#top .hr.av-574ct-383214e9c1298653f752947dcdbb20ae{\nmargin-top:30px;\nmargin-bottom:30px;\n}\n.hr.av-574ct-383214e9c1298653f752947dcdbb20ae .hr-inner{\nwidth:20%;\nborder-color:rgba(255,255,255,0.76);\nmax-width:45%;\n}\n.hr.av-574ct-383214e9c1298653f752947dcdbb20ae .av-seperator-icon{\ncolor:#ffffff;\n}\n<\/style>\n<div  class='hr av-574ct-383214e9c1298653f752947dcdbb20ae hr-custom  avia-builder-el-2  el_after_av_heading  avia-builder-el-last  hr-center hr-icon-yes'><span class='hr-inner inner-border-av-border-thin'><span class=\"hr-inner-style\"><\/span><\/span><span class='av-seperator-icon' aria-hidden='true' data-av_icon='\ue8bf' data-av_iconfont='entypo-fontello'><\/span><span class='hr-inner inner-border-av-border-thin'><span class=\"hr-inner-style\"><\/span><\/span><\/div>\n\n<\/div><\/div><\/main><!-- close content main element --><\/div><\/div><\/div><div id='av_section_2'  class='avia-section av-4pur1-d10843a8956f82e3a00ae08157a70823 main_color avia-section-default avia-no-border-styling  avia-builder-el-3  el_after_av_section  avia-builder-el-last  avia-bg-style-scroll container_wrap sidebar_right'  ><div class='container av-section-cont-open' ><div class='template-page content  av-content-small alpha units'><div class='post-entry post-entry-type-page post-entry-1047'><div class='entry-content-wrapper clearfix'>\n\n<style type=\"text\/css\" data-created_by=\"avia_inline_auto\" id=\"style-css-av-41zyd-947a9eb17d3e9534dc02c0d99a8d2274\">\n#top .flex_column.av-41zyd-947a9eb17d3e9534dc02c0d99a8d2274{\nmargin-top:-90px;\nmargin-bottom:0px;\n}\n.flex_column.av-41zyd-947a9eb17d3e9534dc02c0d99a8d2274{\nborder-radius:0px 0px 0px 0px;\npadding:30px 30px 30px 30px;\nbackground-color:#ffffff;\n}\n.responsive #top #wrap_all .flex_column.av-41zyd-947a9eb17d3e9534dc02c0d99a8d2274{\nmargin-top:-90px;\nmargin-bottom:0px;\n}\n<\/style>\n<div  class='flex_column av-41zyd-947a9eb17d3e9534dc02c0d99a8d2274 av_one_full  avia-builder-el-4  avia-builder-el-no-sibling  first flex_column_div  '     ><section  class='av_textblock_section av-3jfa5-d1c63fe33ff16e7a87f5f6950512c465 '   itemscope=\"itemscope\" itemtype=\"https:\/\/schema.org\/CreativeWork\" ><div class='avia_textblock'  itemprop=\"text\" ><h2><strong>impresszum<\/strong><\/h2>\n<hr \/>\n<h2><\/h2>\n<p><strong>4 You Credit e.K.<\/strong><br \/>\nBismarckstr. 25<br \/>\n86391 Stadtbergen<\/p>\n<p>Telefon +49 (0) 0821 44803256<br \/>\nTelefax +49 (0) 0821 44803257<br \/>\nE-Mail:\u00a0<a href=\"mailto:info@4youcredit.de\">info@4youcredit.de<\/a><\/p>\n<p>Inhaber:\u00a0\u00dclfet Koca<br \/>\nSt.-Nr.: 102\/238\/02031<br \/>\nAmtsgericht Augsburg (HRA 20369)<\/p>\n<p>Gem\u00e4\u00df \u00a728 Abs.3 des Bdsg widerspricht 4 You Credit der weiteren Verarbeitung, Nutzung, oder \u00dcbermittlung von pers\u00f6nlichen oder firmengebundenen Daten f\u00fcr Zwecke der Werbung oder Markt- und Meinungsforschung.<\/p>\n<p>Erlaubnis nach \u00a7 34i Absatz 1 Gewerbeordnung (Immobiliardarlehensvermittler), Aufsichtsbeh\u00f6rde: Industrie- und Handelskammer f\u00fcr M\u00fcnchen und Oberbayern, Max-Joseph-Str.\u00a0 2, 80333 M\u00fcnchen<br \/>\nVermittlerregister (www.vermittlerregister.info): Registrierungs-Nr.: D-W-155-XEZK-58<br \/>\nBerufsbezeichnung: Immobiliardarlehensvermittler nach \u00a7 34i Absatz 1 Gewerbeordnung;\u00a0 Bundesrepublik Deutschland Zust\u00e4ndige Berufskammer: Industrie- und Handelskammer f\u00fcr M\u00fcnchen und Oberbayern, Max-Joseph-Str. 2, 80333 M\u00fcnchen (nur falls Sitz im Kammerbezirk der Industrie- und Handelskammer f\u00fcr M\u00fcnchen und Oberbayern)<\/p>\n<p><strong>Szakmai el\u0151\u00edr\u00e1sok:<\/strong><\/p>\n<p>&#8211; \u00a7 34i Gewerbeordnung (GewO) &#8211; Verordnung \u00fcber Immobiliardarlehensvermittlung (ImmVermV) &#8211; \u00a7\u00a7 655a-655e B\u00fcrgerliches Gesetzbuch (BGB) &#8211; Art. 229 \u00a7 38 und Art. 247 \u00a7\u00a7 13, 13b Einf\u00fchrungsgesetz zum B\u00fcrgerlichen Gesetzbuche (EG-BGB)<\/p>\n<p>Die berufsrechtlichen Regelungen k\u00f6nnen \u00fcber die vom Bundesministerium der Justiz und von der juris GmbH betriebenen Homepage www.gesetze-im-internet.de eingesehen und abgerufen werden.<\/p>\n<h3>Szolg\u00e1ltat\u00e1s felt\u00e9telei<\/h3>\n<p><a href=\"https:\/\/4youcredit.de\/wp-content\/uploads\/2020\/05\/Allgemeine-Geschaeftsbedingungen.pdf\">T\u00f6ltse le a felhaszn\u00e1l\u00e1si felt\u00e9teleket PDF form\u00e1tumban<\/a><\/p>\n<h3>Webhely k\u00e9sz\u00edt\u00e9s, web optimaliz\u00e1l\u00e1s \u00e9s keres\u0151motor optimaliz\u00e1l\u00e1s:<\/h3>\n<p>TMA-GraphPics ( STUDIOS )<\/p>\n<h3>A Google Analytics<\/h3>\n<p>Ez a webhely a Google Analytics szolg\u00e1ltat\u00e1st haszn\u00e1lja, amelyet a Google Inc. (Google) ny\u00fajt webes elemz\u0151 szolg\u00e1ltat\u00e1snak. A Google Analytics az \u00fagynevezett s\u00fctiket, a sz\u00e1m\u00edt\u00f3g\u00e9pen t\u00e1rolt sz\u00f6veges f\u00e1jlokat haszn\u00e1lja, amelyek lehet\u0151v\u00e9 teszik a weboldal felhaszn\u00e1l\u00e1s\u00e1nak elemz\u00e9s\u00e9t. A s\u00fcti \u00e1ltal a weboldal haszn\u00e1lat\u00e1val kapcsolatos inform\u00e1ci\u00f3kat (bele\u00e9rtve az \u00d6n IP-c\u00edm\u00e9t) tov\u00e1bb\u00edtj\u00e1k az USA-ban egy Google szerverre, \u00e9s ott t\u00e1rolj\u00e1k. A Google ezeket az inform\u00e1ci\u00f3kat felhaszn\u00e1lja a weboldal haszn\u00e1lat\u00e1nak felm\u00e9r\u00e9s\u00e9re, jelent\u00e9sek \u00f6ssze\u00e1ll\u00edt\u00e1s\u00e1ra a weboldal m\u0171k\u00f6d\u00e9s\u00e9r\u0151l a weboldal \u00fczemeltet\u0151i sz\u00e1m\u00e1ra, valamint a weboldal tev\u00e9kenys\u00e9g\u00e9vel \u00e9s az internet haszn\u00e1lat\u00e1val kapcsolatos egy\u00e9b szolg\u00e1ltat\u00e1sok ny\u00fajt\u00e1s\u00e1ra. A Google tov\u00e1bbadhatja ezeket az inform\u00e1ci\u00f3kat harmadik feleknek is, ha ezt t\u00f6rv\u00e9ny \u00edrja el\u0151, vagy ha harmadik szem\u00e9lyek ezeket az adatokat a Google nev\u00e9ben dolgozz\u00e1k fel. A Google semmilyen k\u00f6r\u00fclm\u00e9nyek k\u00f6z\u00f6tt nem k\u00f6ti \u00f6ssze az \u00d6n IP-c\u00edm\u00e9t m\u00e1s Google Inc.-adatokkal. Megakad\u00e1lyozhatja a s\u00fctik telep\u00edt\u00e9s\u00e9t az\u00e1ltal, hogy a b\u00f6ng\u00e9sz\u0151szoftvert ennek megfelel\u0151en be\u00e1ll\u00edtja; szeretn\u00e9nk azonban r\u00e1mutatni, hogy ebben az esetben nem biztos, hogy a webhely \u00f6sszes funkci\u00f3j\u00e1t teljes m\u00e9rt\u00e9kben ki tudja haszn\u00e1lni. A weboldal haszn\u00e1lat\u00e1val hozz\u00e1j\u00e1rul ahhoz, hogy a Google a fentiekben meghat\u00e1rozott m\u00f3don \u00e9s c\u00e9lokon kereszt\u00fcl dolgozzon fel r\u00f3lad kapcsolatos adatokkal.<\/p>\n<\/div><\/section><br \/>\n\n<style type=\"text\/css\" data-created_by=\"avia_inline_auto\" id=\"style-css-av-2pi4d-94277e291eaf975b0fd7073f572b38f8\">\n#top .hr.av-2pi4d-94277e291eaf975b0fd7073f572b38f8{\nmargin-top:30px;\nmargin-bottom:30px;\n}\n.hr.av-2pi4d-94277e291eaf975b0fd7073f572b38f8 .hr-inner{\nwidth:20%;\nmax-width:45%;\n}\n<\/style>\n<div  class='hr av-2pi4d-94277e291eaf975b0fd7073f572b38f8 hr-custom  avia-builder-el-6  el_after_av_textblock  avia-builder-el-last  hr-center hr-icon-yes'><span class='hr-inner inner-border-av-border-thin'><span class=\"hr-inner-style\"><\/span><\/span><span class='av-seperator-icon' aria-hidden='true' data-av_icon='\ue8bf' data-av_iconfont='entypo-fontello'><\/span><span class='hr-inner inner-border-av-border-thin'><span class=\"hr-inner-style\"><\/span><\/span><\/div><\/p><\/div><\/div><\/div><\/div><!-- close content main div --><\/div><\/div><div id='after_section_2'  class='main_color av_default_container_wrap container_wrap sidebar_right'  ><div class='container av-section-cont-open' ><div class='template-page content  av-content-small alpha units'><div class='post-entry post-entry-type-page post-entry-1047'><div class='entry-content-wrapper clearfix'>\n","protected":false},"excerpt":{"rendered":"","protected":false},"author":1,"featured_media":0,"parent":0,"menu_order":4,"comment_status":"open","ping_status":"open","template":"","meta":{"footnotes":""},"_links":{"self":[{"href":"https:\/\/4youcredit.de\/hu\/wp-json\/wp\/v2\/pages\/1047"}],"collection":[{"href":"https:\/\/4youcredit.de\/hu\/wp-json\/wp\/v2\/pages"}],"about":[{"href":"https:\/\/4youcredit.de\/hu\/wp-json\/wp\/v2\/types\/page"}],"author":[{"embeddable":true,"href":"https:\/\/4youcredit.de\/hu\/wp-json\/wp\/v2\/users\/1"}],"replies":[{"embeddable":true,"href":"https:\/\/4youcredit.de\/hu\/wp-json\/wp\/v2\/comments?post=1047"}],"version-history":[{"count":7,"href":"https:\/\/4youcredit.de\/hu\/wp-json\/wp\/v2\/pages\/1047\/revisions"}],"predecessor-version":[{"id":1481,"href":"https:\/\/4youcredit.de\/hu\/wp-json\/wp\/v2\/pages\/1047\/revisions\/1481"}],"wp:attachment":[{"href":"https:\/\/4youcredit.de\/hu\/wp-json\/wp\/v2\/media?parent=1047"}],"curies":[{"name":"wp","href":"https:\/\/api.w.org\/{rel}","templated":true}]}}