{"id":999,"date":"2020-07-29T23:41:03","date_gmt":"2020-07-29T21:41:03","guid":{"rendered":"https:\/\/4youcredit.de\/?page_id=999"},"modified":"2020-11-21T11:09:01","modified_gmt":"2020-11-21T10:09:01","slug":"%d0%be%d1%82%d0%bf%d0%b5%d1%87%d0%b0%d1%82%d0%be%d0%ba","status":"publish","type":"page","link":"https:\/\/4youcredit.de\/ru\/%d0%be%d1%82%d0%bf%d0%b5%d1%87%d0%b0%d1%82%d0%be%d0%ba\/","title":{"rendered":"\u043e\u0442\u043f\u0435\u0447\u0430\u0442\u043e\u043a"},"content":{"rendered":"\n<style type=\"text\/css\" data-created_by=\"avia_inline_auto\" id=\"style-css-av-6b6k9-c8e8f9a43bef25474172480cd19ee5f6\">\n.avia-section.av-6b6k9-c8e8f9a43bef25474172480cd19ee5f6{\nbackground-repeat:no-repeat;\nbackground-image:url(https:\/\/4youcredit.de\/wp-content\/uploads\/2020\/05\/Titelbild-karte.jpg);\nbackground-position:50% 100%;\nbackground-attachment:fixed;\n}\n.avia-section.av-6b6k9-c8e8f9a43bef25474172480cd19ee5f6 .av-section-color-overlay{\nopacity:0.3;\nbackground-color:#000000;\n}\n<\/style>\n<div id='av_section_1'  class='avia-section av-6b6k9-c8e8f9a43bef25474172480cd19ee5f6 main_color avia-section-large avia-no-shadow  avia-builder-el-0  el_before_av_section  avia-builder-el-first  avia-full-stretch avia-bg-style-fixed av-section-color-overlay-active container_wrap sidebar_right'  data-section-bg-repeat='stretch'><div class=\"av-section-color-overlay-wrap\"><div class=\"av-section-color-overlay\"><\/div><div class='container av-section-cont-open' ><main  role=\"main\" itemprop=\"mainContentOfPage\"  class='template-page content  av-content-small alpha units'><div class='post-entry post-entry-type-page post-entry-999'><div class='entry-content-wrapper clearfix'>\n\n<style type=\"text\/css\" data-created_by=\"avia_inline_auto\" id=\"style-css-av-kd7w63qq-4d23b9e8b489fcf2ff23dd0e4e79ea15\">\n#top .av-special-heading.av-kd7w63qq-4d23b9e8b489fcf2ff23dd0e4e79ea15{\npadding-bottom:0;\ncolor:#ffffff;\nfont-size:50px;\n}\nbody .av-special-heading.av-kd7w63qq-4d23b9e8b489fcf2ff23dd0e4e79ea15 .av-special-heading-tag .heading-char{\nfont-size:25px;\n}\n#top #wrap_all .av-special-heading.av-kd7w63qq-4d23b9e8b489fcf2ff23dd0e4e79ea15 .av-special-heading-tag{\nfont-size:50px;\n}\n.av-special-heading.av-kd7w63qq-4d23b9e8b489fcf2ff23dd0e4e79ea15 .special-heading-inner-border{\nborder-color:#ffffff;\n}\n.av-special-heading.av-kd7w63qq-4d23b9e8b489fcf2ff23dd0e4e79ea15 .av-subheading{\nfont-size:15px;\n}\n\n@media only screen and (min-width: 480px) and (max-width: 767px){ \n#top #wrap_all .av-special-heading.av-kd7w63qq-4d23b9e8b489fcf2ff23dd0e4e79ea15 .av-special-heading-tag{\nfont-size:0.8em;\n}\n}\n\n@media only screen and (max-width: 479px){ \n#top #wrap_all .av-special-heading.av-kd7w63qq-4d23b9e8b489fcf2ff23dd0e4e79ea15 .av-special-heading-tag{\nfont-size:0.8em;\n}\n}\n<\/style>\n<div  class='av-special-heading av-kd7w63qq-4d23b9e8b489fcf2ff23dd0e4e79ea15 av-special-heading-h3 custom-color-heading blockquote modern-quote  avia-builder-el-1  el_before_av_hr  avia-builder-el-first  av-inherit-size'><h3 class='av-special-heading-tag'  itemprop=\"headline\"  >\u043e\u0442\u043f\u0435\u0447\u0430\u0442\u043e\u043a<\/h3><div class=\"special-heading-border\"><div class=\"special-heading-inner-border\"><\/div><\/div><\/div>\n\n<style type=\"text\/css\" data-created_by=\"avia_inline_auto\" id=\"style-css-av-574ct-383214e9c1298653f752947dcdbb20ae\">\n#top .hr.av-574ct-383214e9c1298653f752947dcdbb20ae{\nmargin-top:30px;\nmargin-bottom:30px;\n}\n.hr.av-574ct-383214e9c1298653f752947dcdbb20ae .hr-inner{\nwidth:20%;\nborder-color:rgba(255,255,255,0.76);\nmax-width:45%;\n}\n.hr.av-574ct-383214e9c1298653f752947dcdbb20ae .av-seperator-icon{\ncolor:#ffffff;\n}\n<\/style>\n<div  class='hr av-574ct-383214e9c1298653f752947dcdbb20ae hr-custom  avia-builder-el-2  el_after_av_heading  avia-builder-el-last  hr-center hr-icon-yes'><span class='hr-inner inner-border-av-border-thin'><span class=\"hr-inner-style\"><\/span><\/span><span class='av-seperator-icon' aria-hidden='true' data-av_icon='\ue8bf' data-av_iconfont='entypo-fontello'><\/span><span class='hr-inner inner-border-av-border-thin'><span class=\"hr-inner-style\"><\/span><\/span><\/div>\n\n<\/div><\/div><\/main><!-- close content main element --><\/div><\/div><\/div><div id='av_section_2'  class='avia-section av-4pur1-d10843a8956f82e3a00ae08157a70823 main_color avia-section-default avia-no-border-styling  avia-builder-el-3  el_after_av_section  avia-builder-el-last  avia-bg-style-scroll container_wrap sidebar_right'  ><div class='container av-section-cont-open' ><div class='template-page content  av-content-small alpha units'><div class='post-entry post-entry-type-page post-entry-999'><div class='entry-content-wrapper clearfix'>\n\n<style type=\"text\/css\" data-created_by=\"avia_inline_auto\" id=\"style-css-av-41zyd-947a9eb17d3e9534dc02c0d99a8d2274\">\n#top .flex_column.av-41zyd-947a9eb17d3e9534dc02c0d99a8d2274{\nmargin-top:-90px;\nmargin-bottom:0px;\n}\n.flex_column.av-41zyd-947a9eb17d3e9534dc02c0d99a8d2274{\nborder-radius:0px 0px 0px 0px;\npadding:30px 30px 30px 30px;\nbackground-color:#ffffff;\n}\n.responsive #top #wrap_all .flex_column.av-41zyd-947a9eb17d3e9534dc02c0d99a8d2274{\nmargin-top:-90px;\nmargin-bottom:0px;\n}\n<\/style>\n<div  class='flex_column av-41zyd-947a9eb17d3e9534dc02c0d99a8d2274 av_one_full  avia-builder-el-4  avia-builder-el-no-sibling  first flex_column_div  '     ><section  class='av_textblock_section av-3jfa5-d1c63fe33ff16e7a87f5f6950512c465 '   itemscope=\"itemscope\" itemtype=\"https:\/\/schema.org\/CreativeWork\" ><div class='avia_textblock'  itemprop=\"text\" ><h2><strong>\u043e\u0442\u043f\u0435\u0447\u0430\u0442\u043e\u043a<\/strong><\/h2>\n<hr \/>\n<h2><\/h2>\n<p><strong>4 You Credit e.K.<\/strong><br \/>\nBismarckstr. 25<br \/>\n86391 Stadtbergen<\/p>\n<p>Telefon +49 (0) 0821 44803256<br \/>\nTelefax +49 (0) 0821 44803257<br \/>\nE-Mail:\u00a0<a href=\"mailto:info@4youcredit.de\">info@4youcredit.de<\/a><\/p>\n<p>Inhaber:\u00a0\u00dclfet Koca<br \/>\nSt.-Nr.: 102\/238\/02031<br \/>\nAmtsgericht Augsburg (HRA 20369)<\/p>\n<p>Gem\u00e4\u00df \u00a728 Abs.3 des Bdsg widerspricht 4 You Credit der weiteren Verarbeitung, Nutzung, oder \u00dcbermittlung von pers\u00f6nlichen oder firmengebundenen Daten f\u00fcr Zwecke der Werbung oder Markt- und Meinungsforschung.<\/p>\n<p>Erlaubnis nach \u00a7 34i Absatz 1 Gewerbeordnung (Immobiliardarlehensvermittler), Aufsichtsbeh\u00f6rde: Industrie- und Handelskammer f\u00fcr M\u00fcnchen und Oberbayern, Max-Joseph-Str.\u00a0 2, 80333 M\u00fcnchen<br \/>\nVermittlerregister (www.vermittlerregister.info): Registrierungs-Nr.: D-W-155-XEZK-58<br \/>\nBerufsbezeichnung: Immobiliardarlehensvermittler nach \u00a7 34i Absatz 1 Gewerbeordnung;\u00a0 Bundesrepublik Deutschland Zust\u00e4ndige Berufskammer: Industrie- und Handelskammer f\u00fcr M\u00fcnchen und Oberbayern, Max-Joseph-Str. 2, 80333 M\u00fcnchen (nur falls Sitz im Kammerbezirk der Industrie- und Handelskammer f\u00fcr M\u00fcnchen und Oberbayern)<\/p>\n<p><strong>\u041f\u0440\u043e\u0444\u0435\u0441\u0441\u0438\u043e\u043d\u0430\u043b\u044c\u043d\u044b\u0435 \u043f\u0440\u0430\u0432\u0438\u043b\u0430: <\/strong><\/p>\n<p>&#8212; \u00a7 34i Gewerbeordnung (GewO) &#8212; Verordnung \u00fcber Immobiliardarlehensvermittlung (ImmVermV) &#8212; \u00a7\u00a7 655a-655e B\u00fcrgerliches Gesetzbuch (BGB) &#8212; Art. 229 \u00a7 38 und Art. 247 \u00a7\u00a7 13, 13b Einf\u00fchrungsgesetz zum B\u00fcrgerlichen Gesetzbuche (EG-BGB)<\/p>\n<p>Die berufsrechtlichen Regelungen k\u00f6nnen \u00fcber die vom Bundesministerium der Justiz und von der juris GmbH betriebenen Homepage www.gesetze-im-internet.de eingesehen und abgerufen werden.<\/p>\n<h3>\u0423\u0441\u043b\u043e\u0432\u0438\u044f \u0438\u0441\u043f\u043e\u043b\u044c\u0437\u043e\u0432\u0430\u043d\u0438\u044f<\/h3>\n<p><a href=\"https:\/\/4youcredit.de\/wp-content\/uploads\/2020\/05\/Allgemeine-Geschaeftsbedingungen.pdf\">\u0421\u043a\u0430\u0447\u0430\u0442\u044c \u0443\u0441\u043b\u043e\u0432\u0438\u044f \u0432 \u0444\u043e\u0440\u043c\u0430\u0442\u0435 PDF<\/a><\/p>\n<h3>\u0421\u043e\u0437\u0434\u0430\u043d\u0438\u0435 \u0441\u0430\u0439\u0442\u0430, \u043e\u043f\u0442\u0438\u043c\u0438\u0437\u0430\u0446\u0438\u044f \u0441\u0430\u0439\u0442\u0430 \u0438 \u043f\u043e\u0438\u0441\u043a\u043e\u0432\u0430\u044f \u043e\u043f\u0442\u0438\u043c\u0438\u0437\u0430\u0446\u0438\u044f :<\/h3>\n<p>TMA-GraphPics ( STUDIOS )<\/p>\n<h3>\u0413\u0443\u0433\u043b \u0410\u043d\u0430\u043b\u0438\u0442\u0438\u043a\u0430<\/h3>\n<p>\u042d\u0442\u043e\u0442 \u0432\u0435\u0431-\u0441\u0430\u0439\u0442 \u0438\u0441\u043f\u043e\u043b\u044c\u0437\u0443\u0435\u0442 Google Analytics, \u0441\u0435\u0440\u0432\u0438\u0441 \u0432\u0435\u0431-\u0430\u043d\u0430\u043b\u0438\u0442\u0438\u043a\u0438, \u043f\u0440\u0435\u0434\u043e\u0441\u0442\u0430\u0432\u043b\u044f\u0435\u043c\u044b\u0439 \u043a\u043e\u043c\u043f\u0430\u043d\u0438\u0435\u0439 Google Inc. \u0418\u043d\u0444\u043e\u0440\u043c\u0430\u0446\u0438\u044f \u043e\u0431 \u0438\u0441\u043f\u043e\u043b\u044c\u0437\u043e\u0432\u0430\u043d\u0438\u0438 \u0432\u0430\u043c\u0438 \u0434\u0430\u043d\u043d\u043e\u0433\u043e \u0432\u0435\u0431-\u0441\u0430\u0439\u0442\u0430 (\u0432\u043a\u043b\u044e\u0447\u0430\u044f \u0432\u0430\u0448 IP-\u0430\u0434\u0440\u0435\u0441), \u0441\u0433\u0435\u043d\u0435\u0440\u0438\u0440\u043e\u0432\u0430\u043d\u043d\u0430\u044f cookie-\u0444\u0430\u0439\u043b\u043e\u043c, \u043f\u0435\u0440\u0435\u0434\u0430\u0435\u0442\u0441\u044f \u043d\u0430 \u0441\u0435\u0440\u0432\u0435\u0440 Google \u0432 \u0421\u0428\u0410 \u0438 \u0441\u043e\u0445\u0440\u0430\u043d\u044f\u0435\u0442\u0441\u044f \u0442\u0430\u043c. Google \u0431\u0443\u0434\u0435\u0442 \u0438\u0441\u043f\u043e\u043b\u044c\u0437\u043e\u0432\u0430\u0442\u044c \u044d\u0442\u0443 \u0438\u043d\u0444\u043e\u0440\u043c\u0430\u0446\u0438\u044e \u0434\u043b\u044f \u043e\u0446\u0435\u043d\u043a\u0438 \u0432\u0430\u0448\u0435\u0433\u043e \u0438\u0441\u043f\u043e\u043b\u044c\u0437\u043e\u0432\u0430\u043d\u0438\u044f \u0432\u0435\u0431-\u0441\u0430\u0439\u0442\u0430, \u0434\u043b\u044f \u0441\u043e\u0441\u0442\u0430\u0432\u043b\u0435\u043d\u0438\u044f \u043e\u0442\u0447\u0435\u0442\u043e\u0432 \u043e\u0431 \u0430\u043a\u0442\u0438\u0432\u043d\u043e\u0441\u0442\u0438 \u0432\u0435\u0431-\u0441\u0430\u0439\u0442\u0430 \u0434\u043b\u044f \u043e\u043f\u0435\u0440\u0430\u0442\u043e\u0440\u043e\u0432 \u0432\u0435\u0431-\u0441\u0430\u0439\u0442\u0430 \u0438 \u0434\u043b\u044f \u043f\u0440\u0435\u0434\u043e\u0441\u0442\u0430\u0432\u043b\u0435\u043d\u0438\u044f \u0434\u0440\u0443\u0433\u0438\u0445 \u0443\u0441\u043b\u0443\u0433, \u0441\u0432\u044f\u0437\u0430\u043d\u043d\u044b\u0445 \u0441 \u0430\u043a\u0442\u0438\u0432\u043d\u043e\u0441\u0442\u044c\u044e \u0432\u0435\u0431-\u0441\u0430\u0439\u0442\u0430 \u0438 \u0438\u0441\u043f\u043e\u043b\u044c\u0437\u043e\u0432\u0430\u043d\u0438\u0435\u043c \u0418\u043d\u0442\u0435\u0440\u043d\u0435\u0442\u0430. Google \u043c\u043e\u0436\u0435\u0442 \u0442\u0430\u043a\u0436\u0435 \u043f\u0435\u0440\u0435\u0434\u0430\u0432\u0430\u0442\u044c \u044d\u0442\u0443 \u0438\u043d\u0444\u043e\u0440\u043c\u0430\u0446\u0438\u044e \u0442\u0440\u0435\u0442\u044c\u0438\u043c \u043b\u0438\u0446\u0430\u043c, \u0435\u0441\u043b\u0438 \u044d\u0442\u043e\u0433\u043e \u0442\u0440\u0435\u0431\u0443\u0435\u0442 \u0437\u0430\u043a\u043e\u043d \u0438\u043b\u0438 \u0435\u0441\u043b\u0438 \u0442\u0440\u0435\u0442\u044c\u0438 \u043b\u0438\u0446\u0430 \u043e\u0431\u0440\u0430\u0431\u0430\u0442\u044b\u0432\u0430\u044e\u0442 \u044d\u0442\u0438 \u0434\u0430\u043d\u043d\u044b\u0435 \u043e\u0442 \u0438\u043c\u0435\u043d\u0438 Google. Google \u043d\u0438 \u0432 \u043a\u043e\u0435\u043c \u0441\u043b\u0443\u0447\u0430\u0435 \u043d\u0435 \u0431\u0443\u0434\u0435\u0442 \u0441\u0432\u044f\u0437\u044b\u0432\u0430\u0442\u044c \u0432\u0430\u0448 IP-\u0430\u0434\u0440\u0435\u0441 \u0441 \u0434\u0440\u0443\u0433\u0438\u043c\u0438 \u0434\u0430\u043d\u043d\u044b\u043c\u0438 Google Inc. \u0412\u044b \u043c\u043e\u0436\u0435\u0442\u0435 \u043f\u0440\u0435\u0434\u043e\u0442\u0432\u0440\u0430\u0442\u0438\u0442\u044c \u0443\u0441\u0442\u0430\u043d\u043e\u0432\u043a\u0443 \u0444\u0430\u0439\u043b\u043e\u0432 cookie, \u043d\u0430\u0441\u0442\u0440\u043e\u0438\u0432 \u043f\u0440\u043e\u0433\u0440\u0430\u043c\u043c\u043d\u043e\u0435 \u043e\u0431\u0435\u0441\u043f\u0435\u0447\u0435\u043d\u0438\u0435 \u0441\u0432\u043e\u0435\u0433\u043e \u0431\u0440\u0430\u0443\u0437\u0435\u0440\u0430 \u0441\u043e\u043e\u0442\u0432\u0435\u0442\u0441\u0442\u0432\u0443\u044e\u0449\u0438\u043c \u043e\u0431\u0440\u0430\u0437\u043e\u043c; \u0422\u0435\u043c \u043d\u0435 \u043c\u0435\u043d\u0435\u0435, \u043e\u0431\u0440\u0430\u0442\u0438\u0442\u0435 \u0432\u043d\u0438\u043c\u0430\u043d\u0438\u0435, \u0447\u0442\u043e \u0435\u0441\u043b\u0438 \u0432\u044b \u0441\u0434\u0435\u043b\u0430\u0435\u0442\u0435 \u044d\u0442\u043e, \u0432\u044b \u043d\u0435 \u0441\u043c\u043e\u0436\u0435\u0442\u0435 \u0438\u0441\u043f\u043e\u043b\u044c\u0437\u043e\u0432\u0430\u0442\u044c \u0432\u0441\u0435 \u0444\u0443\u043d\u043a\u0446\u0438\u0438 \u044d\u0442\u043e\u0433\u043e \u0441\u0430\u0439\u0442\u0430. \u0418\u0441\u043f\u043e\u043b\u044c\u0437\u0443\u044f \u044d\u0442\u043e\u0442 \u0441\u0430\u0439\u0442, \u0432\u044b \u0434\u0430\u0435\u0442\u0435 \u0441\u043e\u0433\u043b\u0430\u0441\u0438\u0435 \u043d\u0430 \u043e\u0431\u0440\u0430\u0431\u043e\u0442\u043a\u0443 \u0434\u0430\u043d\u043d\u044b\u0445 \u043e \u0432\u0430\u0441 \u0441\u043e \u0441\u0442\u043e\u0440\u043e\u043d\u044b Google \u0432 \u043f\u043e\u0440\u044f\u0434\u043a\u0435 \u0438 \u0434\u043b\u044f \u0446\u0435\u043b\u0435\u0439, \u0438\u0437\u043b\u043e\u0436\u0435\u043d\u043d\u044b\u0445 \u0432\u044b\u0448\u0435.<\/p>\n<\/div><\/section><br \/>\n\n<style type=\"text\/css\" data-created_by=\"avia_inline_auto\" id=\"style-css-av-2pi4d-94277e291eaf975b0fd7073f572b38f8\">\n#top .hr.av-2pi4d-94277e291eaf975b0fd7073f572b38f8{\nmargin-top:30px;\nmargin-bottom:30px;\n}\n.hr.av-2pi4d-94277e291eaf975b0fd7073f572b38f8 .hr-inner{\nwidth:20%;\nmax-width:45%;\n}\n<\/style>\n<div  class='hr av-2pi4d-94277e291eaf975b0fd7073f572b38f8 hr-custom  avia-builder-el-6  el_after_av_textblock  avia-builder-el-last  hr-center hr-icon-yes'><span class='hr-inner inner-border-av-border-thin'><span class=\"hr-inner-style\"><\/span><\/span><span class='av-seperator-icon' aria-hidden='true' data-av_icon='\ue8bf' data-av_iconfont='entypo-fontello'><\/span><span class='hr-inner inner-border-av-border-thin'><span class=\"hr-inner-style\"><\/span><\/span><\/div><\/p><\/div><\/div><\/div><\/div><!-- close content main div --><\/div><\/div><div id='after_section_2'  class='main_color av_default_container_wrap container_wrap sidebar_right'  ><div class='container av-section-cont-open' ><div class='template-page content  av-content-small alpha units'><div class='post-entry post-entry-type-page post-entry-999'><div class='entry-content-wrapper clearfix'>\n","protected":false},"excerpt":{"rendered":"","protected":false},"author":1,"featured_media":0,"parent":0,"menu_order":4,"comment_status":"open","ping_status":"open","template":"","meta":{"footnotes":""},"_links":{"self":[{"href":"https:\/\/4youcredit.de\/ru\/wp-json\/wp\/v2\/pages\/999"}],"collection":[{"href":"https:\/\/4youcredit.de\/ru\/wp-json\/wp\/v2\/pages"}],"about":[{"href":"https:\/\/4youcredit.de\/ru\/wp-json\/wp\/v2\/types\/page"}],"author":[{"embeddable":true,"href":"https:\/\/4youcredit.de\/ru\/wp-json\/wp\/v2\/users\/1"}],"replies":[{"embeddable":true,"href":"https:\/\/4youcredit.de\/ru\/wp-json\/wp\/v2\/comments?post=999"}],"version-history":[{"count":7,"href":"https:\/\/4youcredit.de\/ru\/wp-json\/wp\/v2\/pages\/999\/revisions"}],"predecessor-version":[{"id":1468,"href":"https:\/\/4youcredit.de\/ru\/wp-json\/wp\/v2\/pages\/999\/revisions\/1468"}],"wp:attachment":[{"href":"https:\/\/4youcredit.de\/ru\/wp-json\/wp\/v2\/media?parent=999"}],"curies":[{"name":"wp","href":"https:\/\/api.w.org\/{rel}","templated":true}]}}