{"id":711,"date":"2020-05-16T04:07:36","date_gmt":"2020-05-16T02:07:36","guid":{"rendered":"https:\/\/4youcredit.de\/?page_id=711"},"modified":"2020-11-21T11:10:05","modified_gmt":"2020-11-21T10:10:05","slug":"kuenye","status":"publish","type":"page","link":"https:\/\/4youcredit.de\/tr\/kuenye\/","title":{"rendered":"K\u00fcnye"},"content":{"rendered":"\n<style type=\"text\/css\" data-created_by=\"avia_inline_auto\" id=\"style-css-av-6b6k9-2867fe0e9dc0cf1eaa443152a91f951b\">\n.avia-section.av-6b6k9-2867fe0e9dc0cf1eaa443152a91f951b{\nbackground-repeat:no-repeat;\nbackground-image:url(https:\/\/4youcredit.de\/wp-content\/uploads\/2020\/05\/Titelbild-arrows.jpg);\nbackground-position:50% 100%;\nbackground-attachment:fixed;\n}\n.avia-section.av-6b6k9-2867fe0e9dc0cf1eaa443152a91f951b .av-section-color-overlay{\nopacity:0.3;\nbackground-color:#000000;\n}\n<\/style>\n<div id='av_section_1'  class='avia-section av-6b6k9-2867fe0e9dc0cf1eaa443152a91f951b main_color avia-section-large avia-no-shadow  avia-builder-el-0  el_before_av_section  avia-builder-el-first  avia-full-stretch avia-bg-style-fixed av-section-color-overlay-active container_wrap sidebar_right'  data-section-bg-repeat='stretch'><div class=\"av-section-color-overlay-wrap\"><div class=\"av-section-color-overlay\"><\/div><div class='container av-section-cont-open' ><main  role=\"main\" itemprop=\"mainContentOfPage\"  class='template-page content  av-content-small alpha units'><div class='post-entry post-entry-type-page post-entry-711'><div class='entry-content-wrapper clearfix'>\n\n<style type=\"text\/css\" data-created_by=\"avia_inline_auto\" id=\"style-css-av-ka8zm9ex-cb637d624e8a3b69027dd016a8f2c629\">\n#top .av-special-heading.av-ka8zm9ex-cb637d624e8a3b69027dd016a8f2c629{\npadding-bottom:0;\ncolor:#ffffff;\nfont-size:50px;\n}\nbody .av-special-heading.av-ka8zm9ex-cb637d624e8a3b69027dd016a8f2c629 .av-special-heading-tag .heading-char{\nfont-size:25px;\n}\n#top #wrap_all .av-special-heading.av-ka8zm9ex-cb637d624e8a3b69027dd016a8f2c629 .av-special-heading-tag{\nfont-size:50px;\n}\n.av-special-heading.av-ka8zm9ex-cb637d624e8a3b69027dd016a8f2c629 .special-heading-inner-border{\nborder-color:#ffffff;\n}\n.av-special-heading.av-ka8zm9ex-cb637d624e8a3b69027dd016a8f2c629 .av-subheading{\nfont-size:15px;\n}\n\n@media only screen and (min-width: 480px) and (max-width: 767px){ \n#top #wrap_all .av-special-heading.av-ka8zm9ex-cb637d624e8a3b69027dd016a8f2c629 .av-special-heading-tag{\nfont-size:0.8em;\n}\n}\n\n@media only screen and (max-width: 479px){ \n#top #wrap_all .av-special-heading.av-ka8zm9ex-cb637d624e8a3b69027dd016a8f2c629 .av-special-heading-tag{\nfont-size:0.8em;\n}\n}\n<\/style>\n<div  class='av-special-heading av-ka8zm9ex-cb637d624e8a3b69027dd016a8f2c629 av-special-heading-h3 custom-color-heading blockquote modern-quote  avia-builder-el-1  el_before_av_hr  avia-builder-el-first  av-inherit-size'><h3 class='av-special-heading-tag'  itemprop=\"headline\"  >K\u00fcnye<\/h3><div class=\"special-heading-border\"><div class=\"special-heading-inner-border\"><\/div><\/div><\/div>\n\n<style type=\"text\/css\" data-created_by=\"avia_inline_auto\" id=\"style-css-av-574ct-383214e9c1298653f752947dcdbb20ae\">\n#top .hr.av-574ct-383214e9c1298653f752947dcdbb20ae{\nmargin-top:30px;\nmargin-bottom:30px;\n}\n.hr.av-574ct-383214e9c1298653f752947dcdbb20ae .hr-inner{\nwidth:20%;\nborder-color:rgba(255,255,255,0.76);\nmax-width:45%;\n}\n.hr.av-574ct-383214e9c1298653f752947dcdbb20ae .av-seperator-icon{\ncolor:#ffffff;\n}\n<\/style>\n<div  class='hr av-574ct-383214e9c1298653f752947dcdbb20ae hr-custom  avia-builder-el-2  el_after_av_heading  avia-builder-el-last  hr-center hr-icon-yes'><span class='hr-inner inner-border-av-border-thin'><span class=\"hr-inner-style\"><\/span><\/span><span class='av-seperator-icon' aria-hidden='true' data-av_icon='\ue8bf' data-av_iconfont='entypo-fontello'><\/span><span class='hr-inner inner-border-av-border-thin'><span class=\"hr-inner-style\"><\/span><\/span><\/div>\n\n<\/div><\/div><\/main><!-- close content main element --><\/div><\/div><\/div><div id='av_section_2'  class='avia-section av-4pur1-d10843a8956f82e3a00ae08157a70823 main_color avia-section-default avia-no-border-styling  avia-builder-el-3  el_after_av_section  avia-builder-el-last  avia-bg-style-scroll container_wrap sidebar_right'  ><div class='container av-section-cont-open' ><div class='template-page content  av-content-small alpha units'><div class='post-entry post-entry-type-page post-entry-711'><div class='entry-content-wrapper clearfix'>\n\n<style type=\"text\/css\" data-created_by=\"avia_inline_auto\" id=\"style-css-av-41zyd-947a9eb17d3e9534dc02c0d99a8d2274\">\n#top .flex_column.av-41zyd-947a9eb17d3e9534dc02c0d99a8d2274{\nmargin-top:-90px;\nmargin-bottom:0px;\n}\n.flex_column.av-41zyd-947a9eb17d3e9534dc02c0d99a8d2274{\nborder-radius:0px 0px 0px 0px;\npadding:30px 30px 30px 30px;\nbackground-color:#ffffff;\n}\n.responsive #top #wrap_all .flex_column.av-41zyd-947a9eb17d3e9534dc02c0d99a8d2274{\nmargin-top:-90px;\nmargin-bottom:0px;\n}\n<\/style>\n<div  class='flex_column av-41zyd-947a9eb17d3e9534dc02c0d99a8d2274 av_one_full  avia-builder-el-4  avia-builder-el-no-sibling  first flex_column_div  '     ><section  class='av_textblock_section av-3jfa5-d1c63fe33ff16e7a87f5f6950512c465 '   itemscope=\"itemscope\" itemtype=\"https:\/\/schema.org\/CreativeWork\" ><div class='avia_textblock'  itemprop=\"text\" ><h2><strong>K\u00fcnye<\/strong><\/h2>\n<hr \/>\n<h2><\/h2>\n<p><strong>4 You Credit e.K.<\/strong><br \/>\nBismarckstr. 25<br \/>\n86391 Stadtbergen<\/p>\n<p>Telefon +49 (0) 0821 44803256<br \/>\nTelefax +49 (0) 0821 44803257<br \/>\nE-Mail:\u00a0<a href=\"mailto:info@4youcredit.de\">info@4youcredit.de<\/a><\/p>\n<p>Inhaber:\u00a0\u00dclfet Koca<br \/>\nSt.-Nr.: 102\/238\/02031<br \/>\nAmtsgericht Augsburg (HRA 20369)<\/p>\n<p>Gem\u00e4\u00df \u00a728 Abs.3 des Bdsg widerspricht 4 You Credit der weiteren Verarbeitung, Nutzung, oder \u00dcbermittlung von pers\u00f6nlichen oder firmengebundenen Daten f\u00fcr Zwecke der Werbung oder Markt- und Meinungsforschung.<\/p>\n<p>Amtsgericht Augsburg (in arbeit)<\/p>\n<p>Gem\u00e4\u00df \u00a728 Abs.3 des Bdsg widerspricht 4 You Credit der weiteren Verarbeitung, Nutzung, oder \u00dcbermittlung von pers\u00f6nlichen oder firmengebundenen Daten f\u00fcr Zwecke der Werbung oder Markt- und Meinungsforschung.<\/p>\n<p>Erlaubnis nach \u00a7 34i Absatz 1 Gewerbeordnung (Immobiliardarlehensvermittler), Aufsichtsbeh\u00f6rde: Industrie- und Handelskammer f\u00fcr M\u00fcnchen und Oberbayern, Max-Joseph-Str.\u00a0 2, 80333 M\u00fcnchen<br \/>\nVermittlerregister (www.vermittlerregister.info): Registrierungs-Nr.: D-W-155-XEZK-58<br \/>\nBerufsbezeichnung: Immobiliardarlehensvermittler nach \u00a7 34i Absatz 1 Gewerbeordnung;\u00a0 Bundesrepublik Deutschland Zust\u00e4ndige Berufskammer: Industrie- und Handelskammer f\u00fcr M\u00fcnchen und Oberbayern, Max-Joseph-Str. 2, 80333 M\u00fcnchen (nur falls Sitz im Kammerbezirk der Industrie- und Handelskammer f\u00fcr M\u00fcnchen und Oberbayern)<\/p>\n<h3><span style=\"font-size: 14pt;\">Mesleki d\u00fczenlemeler: <\/span><\/h3>\n<p>&#8211; \u00a7 34i Gewerbeordnung (GewO) &#8211; Verordnung \u00fcber Immobiliardarlehensvermittlung (ImmVermV) &#8211; \u00a7\u00a7 655a-655e B\u00fcrgerliches Gesetzbuch (BGB) &#8211; Art. 229 \u00a7 38 und Art. 247 \u00a7\u00a7 13, 13b Einf\u00fchrungsgesetz zum B\u00fcrgerlichen Gesetzbuche (EG-BGB)<\/p>\n<p>Die berufsrechtlichen Regelungen k\u00f6nnen \u00fcber die vom Bundesministerium der Justiz und von der juris GmbH betriebenen Homepage www.gesetze-im-internet.de eingesehen und abgerufen werden.<\/p>\n<h3><span style=\"font-size: 14pt;\">Genel \u015eartlar ve Ko\u015fullar<\/span><\/h3>\n<p><a href=\"https:\/\/4youcredit.de\/wp-content\/uploads\/2020\/05\/Allgemeine-Geschaeftsbedingungen.pdf\" target=\"_blank\" rel=\"noopener noreferrer\">Genel \u015eartlar ve ko\u015fullar\u0131 PDF d\u00f6k\u00fcman\u0131 olarak indirin<\/a><\/p>\n<h3><span style=\"font-size: 14pt;\">\u0130nternet Sayfa tasar\u0131m\u0131 ve arama motorlar\u0131 uyarlamas\u0131 :<\/span><\/h3>\n<p>TMA-GraphPics ( STUDIOS )<\/p>\n<h3><span style=\"font-size: 14pt;\">Google-Analytics<\/span><\/h3>\n<p>Diese Website benutzt Google Analytics, einen Webanalysedienst der Google Inc. (Google) Google Analytics verwendet sog. Cookies, Textdateien, die auf Ihrem Computer gespeichert werden und die eine Analyse der Benutzung der Website durch Sie erm\u00f6glicht. Die durch den Cookie erzeugten Informationen \u00fcber Ihre Benutzung dieser Website (einschlie\u00dflich Ihrer IP-Adresse) wird an einen Server von Google in den USA \u00fcbertragen und dort gespeichert. Google wird diese Informationen benutzen, um Ihre Nutzung der Website auszuwerten, um Reports \u00fcber die Websiteaktivit\u00e4ten f\u00fcr die Websitebetreiber zusammenzustellen und um weitere mit der Websitenutzung und der Internetnutzung verbundene Dienstleistungen zu erbringen. Auch wird Google diese Informationen gegebenenfalls an Dritte \u00fcbertragen, sofern dies gesetzlich vorgeschrieben oder soweit Dritte diese Daten im Auftrag von Google verarbeiten. Google wird in keinem Fall Ihre IP-Adresse mit anderen Daten der Google Inc. in Verbindung bringen. Sie k\u00f6nnen die Installation der Cookies durch eine entsprechende Einstellung Ihrer Browser Software verhindern; wir weisen Sie jedoch darauf hin, dass Sie in diesem Fall gegebenenfalls nicht s\u00e4mtliche Funktionen dieser Website voll umf\u00e4nglich nutzen k\u00f6nnen. Durch die Nutzung dieser Website erkl\u00e4ren Sie sich mit der Bearbeitung der \u00fcber Sie erhobenen Daten durch Google in der zuvor beschriebenen Art und Weise und zu dem zuvor benannten Zweck einverstanden.<\/p>\n<\/div><\/section><br \/>\n\n<style type=\"text\/css\" data-created_by=\"avia_inline_auto\" id=\"style-css-av-2pi4d-94277e291eaf975b0fd7073f572b38f8\">\n#top .hr.av-2pi4d-94277e291eaf975b0fd7073f572b38f8{\nmargin-top:30px;\nmargin-bottom:30px;\n}\n.hr.av-2pi4d-94277e291eaf975b0fd7073f572b38f8 .hr-inner{\nwidth:20%;\nmax-width:45%;\n}\n<\/style>\n<div  class='hr av-2pi4d-94277e291eaf975b0fd7073f572b38f8 hr-custom  avia-builder-el-6  el_after_av_textblock  avia-builder-el-last  hr-center hr-icon-yes'><span class='hr-inner inner-border-av-border-thin'><span class=\"hr-inner-style\"><\/span><\/span><span class='av-seperator-icon' aria-hidden='true' data-av_icon='\ue8bf' data-av_iconfont='entypo-fontello'><\/span><span class='hr-inner inner-border-av-border-thin'><span class=\"hr-inner-style\"><\/span><\/span><\/div><\/p><\/div><\/div><\/div><\/div><!-- close content main div --><\/div><\/div><div id='after_section_2'  class='main_color av_default_container_wrap container_wrap sidebar_right'  ><div class='container av-section-cont-open' ><div class='template-page content  av-content-small alpha units'><div class='post-entry post-entry-type-page post-entry-711'><div class='entry-content-wrapper clearfix'>\n","protected":false},"excerpt":{"rendered":"","protected":false},"author":1,"featured_media":0,"parent":0,"menu_order":4,"comment_status":"open","ping_status":"open","template":"","meta":{"footnotes":""},"_links":{"self":[{"href":"https:\/\/4youcredit.de\/tr\/wp-json\/wp\/v2\/pages\/711"}],"collection":[{"href":"https:\/\/4youcredit.de\/tr\/wp-json\/wp\/v2\/pages"}],"about":[{"href":"https:\/\/4youcredit.de\/tr\/wp-json\/wp\/v2\/types\/page"}],"author":[{"embeddable":true,"href":"https:\/\/4youcredit.de\/tr\/wp-json\/wp\/v2\/users\/1"}],"replies":[{"embeddable":true,"href":"https:\/\/4youcredit.de\/tr\/wp-json\/wp\/v2\/comments?post=711"}],"version-history":[{"count":13,"href":"https:\/\/4youcredit.de\/tr\/wp-json\/wp\/v2\/pages\/711\/revisions"}],"predecessor-version":[{"id":1480,"href":"https:\/\/4youcredit.de\/tr\/wp-json\/wp\/v2\/pages\/711\/revisions\/1480"}],"wp:attachment":[{"href":"https:\/\/4youcredit.de\/tr\/wp-json\/wp\/v2\/media?parent=711"}],"curies":[{"name":"wp","href":"https:\/\/api.w.org\/{rel}","templated":true}]}}