{"id":720,"date":"2020-05-16T04:20:32","date_gmt":"2020-05-16T02:20:32","guid":{"rendered":"https:\/\/4youcredit.de\/?page_id=720"},"modified":"2020-08-12T02:39:15","modified_gmt":"2020-08-12T00:39:15","slug":"iletisim","status":"publish","type":"page","link":"https:\/\/4youcredit.de\/tr\/iletisim\/","title":{"rendered":"\u0130leti\u015fim"},"content":{"rendered":"<div  class='av_gmaps_sc_main_wrap av_gmaps_main_wrap '><div id='av_gmap_0' class='avia-google-map-container avia-google-map-sc av_gmaps_show_unconditionally av-no-fallback-img ' data-mapid='av_gmap_0'  style='height: 305px;'><a class=\"av_gmaps_browser_disabled av_text_confirm_link av_text_confirm_link_visible\" href=\"https:\/\/www.google.com\/maps\/search\/?api=1&#038;query=Bismarckstr.%2025%20%2086391%20Stadtbergen%20Bayern%20Germany\" target=\"_blank\" rel=\"noopener\">Maps were disabled by the visitor on this site. Click to open the map in a new window.<\/a><\/div><\/div>\n<div id='av_section_1'  class='avia-section av-8mxim-e47491b89526a72bc8cb30ada999c605 main_color avia-section-default avia-no-border-styling  avia-builder-el-1  el_after_av_google_map  avia-builder-el-last  avia-bg-style-scroll container_wrap sidebar_right'  ><div class='container av-section-cont-open' ><div class='template-page content  av-content-small alpha units'><div class='post-entry post-entry-type-page post-entry-720'><div class='entry-content-wrapper clearfix'>\n<div class='flex_column_table av-808um-b25082db797140523577d54e3313b8ac sc-av_one_half av-equal-height-column-flextable'>\n<style type=\"text\/css\" data-created_by=\"avia_inline_auto\" id=\"style-css-av-808um-b25082db797140523577d54e3313b8ac\">\n#top .flex_column_table.av-equal-height-column-flextable.av-808um-b25082db797140523577d54e3313b8ac{\nmargin-top:-90px;\nmargin-bottom:0px;\n}\n.flex_column.av-808um-b25082db797140523577d54e3313b8ac{\nborder-radius:0px 0px 0px 0px;\npadding:30px 30px 30px 30px;\nbackground-color:#ffffff;\n}\n<\/style>\n<div  class='flex_column av-808um-b25082db797140523577d54e3313b8ac av_one_half  avia-builder-el-2  el_before_av_one_half  avia-builder-el-first  first no_margin flex_column_table_cell av-equal-height-column av-align-top  '     ><p>\n<style type=\"text\/css\" data-created_by=\"avia_inline_auto\" id=\"style-css-av-d4g9s-cc28e54e505f9a01cffe5d5668605742\">\n#top .av-special-heading.av-d4g9s-cc28e54e505f9a01cffe5d5668605742{\npadding-bottom:0;\nfont-size:30px;\n}\nbody .av-special-heading.av-d4g9s-cc28e54e505f9a01cffe5d5668605742 .av-special-heading-tag .heading-char{\nfont-size:25px;\n}\n#top #wrap_all .av-special-heading.av-d4g9s-cc28e54e505f9a01cffe5d5668605742 .av-special-heading-tag{\nfont-size:30px;\n}\n.av-special-heading.av-d4g9s-cc28e54e505f9a01cffe5d5668605742 .av-subheading{\nfont-size:13px;\n}\n\n@media only screen and (min-width: 480px) and (max-width: 767px){ \n#top #wrap_all .av-special-heading.av-d4g9s-cc28e54e505f9a01cffe5d5668605742 .av-special-heading-tag{\nfont-size:0.8em;\n}\n}\n\n@media only screen and (max-width: 479px){ \n#top #wrap_all .av-special-heading.av-d4g9s-cc28e54e505f9a01cffe5d5668605742 .av-special-heading-tag{\nfont-size:0.8em;\n}\n}\n<\/style>\n<div  class='av-special-heading av-d4g9s-cc28e54e505f9a01cffe5d5668605742 av-special-heading-h3 blockquote modern-quote  avia-builder-el-3  el_before_av_hr  avia-builder-el-first  av-inherit-size'><h3 class='av-special-heading-tag'  itemprop=\"headline\"  >\u0130leti\u015fim<\/h3><div class='av-subheading av-subheading_below'><p>Ki\u015fisel istekleriniz i\u00e7in sayfam\u0131zdaki ileti\u015fim formunu kullanabilirsiniz. A\u00e7aca\u011f\u0131n\u0131z telefona ayr\u0131ca sevece\u011fimizi bilmenizi isteriz.<\/p>\n<\/div><div class=\"special-heading-border\"><div class=\"special-heading-inner-border\"><\/div><\/div><\/div><br \/>\n\n<style type=\"text\/css\" data-created_by=\"avia_inline_auto\" id=\"style-css-av-6v2d6-7473e3a9c1cae2aa41d03a77fe2903dc\">\n#top .hr.av-6v2d6-7473e3a9c1cae2aa41d03a77fe2903dc{\nmargin-top:30px;\nmargin-bottom:30px;\n}\n.hr.av-6v2d6-7473e3a9c1cae2aa41d03a77fe2903dc .hr-inner{\nwidth:20%;\nmax-width:45%;\n}\n<\/style>\n<div  class='hr av-6v2d6-7473e3a9c1cae2aa41d03a77fe2903dc hr-custom  avia-builder-el-4  el_after_av_heading  el_before_av_textblock  hr-center hr-icon-yes'><span class='hr-inner inner-border-av-border-thin'><span class=\"hr-inner-style\"><\/span><\/span><span class='av-seperator-icon' aria-hidden='true' data-av_icon='\ue8bf' data-av_iconfont='entypo-fontello'><\/span><span class='hr-inner inner-border-av-border-thin'><span class=\"hr-inner-style\"><\/span><\/span><\/div><br \/>\n<section  class='av_textblock_section av-67c9y-be730b6659db32922ff5bf8b4973a043 '   itemscope=\"itemscope\" itemtype=\"https:\/\/schema.org\/CreativeWork\" ><div class='avia_textblock'  itemprop=\"text\" ><p><strong>Adres<\/strong><br \/>\nBismarckstr. 25<br \/>\n86391 Stadtbergen<\/p>\n<p><strong>\u0130leti\u015fim<\/strong><br \/>\n<a href=\"mailto:info@4youcredit.de\">info@4youcredit.de<\/a><br \/>\nTel. +49 (0) 0821 44803256<br \/>\nFax +49 (0) 0821 44803257<\/p>\n<\/div><\/section><br \/>\n\n<style type=\"text\/css\" data-created_by=\"avia_inline_auto\" id=\"style-css-av-5fsly-1d7123639f283ea9f1b7e02a5546cf41\">\n#top .hr.av-5fsly-1d7123639f283ea9f1b7e02a5546cf41{\nmargin-top:18px;\nmargin-bottom:30px;\n}\n.hr.av-5fsly-1d7123639f283ea9f1b7e02a5546cf41 .hr-inner{\nwidth:20%;\nmax-width:45%;\n}\n<\/style>\n<div  class='hr av-5fsly-1d7123639f283ea9f1b7e02a5546cf41 hr-custom  avia-builder-el-6  el_after_av_textblock  el_before_av_image  hr-center hr-icon-yes'><span class='hr-inner inner-border-av-border-thin'><span class=\"hr-inner-style\"><\/span><\/span><span class='av-seperator-icon' aria-hidden='true' data-av_icon='\ue8bf' data-av_iconfont='entypo-fontello'><\/span><span class='hr-inner inner-border-av-border-thin'><span class=\"hr-inner-style\"><\/span><\/span><\/div><br \/>\n\n<style type=\"text\/css\" data-created_by=\"avia_inline_auto\" id=\"style-css-av-k9m3hl19-72d6c4a95bb4b0f98a759c5ce51ec0cd\">\n.avia-image-container.av-k9m3hl19-72d6c4a95bb4b0f98a759c5ce51ec0cd img.avia_image{\nbox-shadow:none;\n}\n.avia-image-container.av-k9m3hl19-72d6c4a95bb4b0f98a759c5ce51ec0cd .av-image-caption-overlay-center{\ncolor:#ffffff;\n}\n<\/style>\n<div  class='avia-image-container av-k9m3hl19-72d6c4a95bb4b0f98a759c5ce51ec0cd av-styling- avia-align-left  avia-builder-el-7  el_after_av_hr  avia-builder-el-last '   itemprop=\"image\" itemscope=\"itemscope\" itemtype=\"https:\/\/schema.org\/ImageObject\" ><div class=\"avia-image-container-inner\"><div class=\"avia-image-overlay-wrap\"><img decoding=\"async\" fetchpriority=\"high\" class='wp-image-792 avia-img-lazy-loading-not-792 avia_image ' src=\"https:\/\/4youcredit.de\/wp-content\/uploads\/2020\/05\/sizin-kredil-logo.png\" alt='' title='sizin-kredil-logo'  height=\"100\" width=\"476\"  itemprop=\"thumbnailUrl\" srcset=\"https:\/\/4youcredit.de\/wp-content\/uploads\/2020\/05\/sizin-kredil-logo.png 476w, https:\/\/4youcredit.de\/wp-content\/uploads\/2020\/05\/sizin-kredil-logo-300x63.png 300w\" sizes=\"(max-width: 476px) 100vw, 476px\" \/><\/div><\/div><\/div><\/p><\/div>\n<style type=\"text\/css\" data-created_by=\"avia_inline_auto\" id=\"style-css-av-4z9be-5f0a8cefa5aa1c28495a32b6a97bb9be\">\n#top .flex_column_table.av-equal-height-column-flextable.av-4z9be-5f0a8cefa5aa1c28495a32b6a97bb9be{\nmargin-top:-90px;\nmargin-bottom:0px;\n}\n.flex_column.av-4z9be-5f0a8cefa5aa1c28495a32b6a97bb9be{\nborder-radius:0px 0px 0px 0px;\npadding:30px 30px 30px 30px;\nbackground-color:#719430;\n}\n<\/style>\n<div  class='flex_column av-4z9be-5f0a8cefa5aa1c28495a32b6a97bb9be av_one_half  avia-builder-el-8  el_after_av_one_half  avia-builder-el-last  no_margin flex_column_table_cell av-equal-height-column av-align-top  '     ><p>\n<style type=\"text\/css\" data-created_by=\"avia_inline_auto\" id=\"style-css-av-962i0-c1ba72a47eaec4f8379e597cdfd84f8d\">\n#top .av-special-heading.av-962i0-c1ba72a47eaec4f8379e597cdfd84f8d{\npadding-bottom:0;\ncolor:#ffffff;\nfont-size:30px;\n}\nbody .av-special-heading.av-962i0-c1ba72a47eaec4f8379e597cdfd84f8d .av-special-heading-tag .heading-char{\nfont-size:25px;\n}\n#top #wrap_all .av-special-heading.av-962i0-c1ba72a47eaec4f8379e597cdfd84f8d .av-special-heading-tag{\nfont-size:30px;\n}\n.av-special-heading.av-962i0-c1ba72a47eaec4f8379e597cdfd84f8d .special-heading-inner-border{\nborder-color:#ffffff;\n}\n.av-special-heading.av-962i0-c1ba72a47eaec4f8379e597cdfd84f8d .av-subheading{\nfont-size:13px;\n}\n\n@media only screen and (min-width: 480px) and (max-width: 767px){ \n#top #wrap_all .av-special-heading.av-962i0-c1ba72a47eaec4f8379e597cdfd84f8d .av-special-heading-tag{\nfont-size:0.8em;\n}\n}\n\n@media only screen and (max-width: 479px){ \n#top #wrap_all .av-special-heading.av-962i0-c1ba72a47eaec4f8379e597cdfd84f8d .av-special-heading-tag{\nfont-size:0.8em;\n}\n}\n<\/style>\n<div  class='av-special-heading av-962i0-c1ba72a47eaec4f8379e597cdfd84f8d av-special-heading-h3 custom-color-heading blockquote modern-quote modern-centered  avia-builder-el-9  el_before_av_hr  avia-builder-el-first  av-inherit-size'><h3 class='av-special-heading-tag'  itemprop=\"headline\"  >Hala ula\u015f\u0131labiliriz<\/h3><div class='av_custom_color av-subheading av-subheading_below'><p>Araman\u0131z bizi mutlu edecektir<\/p>\n<\/div><div class=\"special-heading-border\"><div class=\"special-heading-inner-border\"><\/div><\/div><\/div><br \/>\n\n<style type=\"text\/css\" data-created_by=\"avia_inline_auto\" id=\"style-css-av-3zdne-67226f9f407134477640261bfc2e8e1e\">\n#top .hr.av-3zdne-67226f9f407134477640261bfc2e8e1e{\nmargin-top:30px;\nmargin-bottom:30px;\n}\n.hr.av-3zdne-67226f9f407134477640261bfc2e8e1e .hr-inner{\nwidth:20%;\nborder-color:rgba(255,255,255,0.3);\nmax-width:45%;\n}\n.hr.av-3zdne-67226f9f407134477640261bfc2e8e1e .av-seperator-icon{\ncolor:#ffffff;\n}\n<\/style>\n<div  class='hr av-3zdne-67226f9f407134477640261bfc2e8e1e hr-custom  avia-builder-el-10  el_after_av_heading  el_before_av_contact  hr-center hr-icon-yes'><span class='hr-inner inner-border-av-border-thin'><span class=\"hr-inner-style\"><\/span><\/span><span class='av-seperator-icon' aria-hidden='true' data-av_icon='\ue8bf' data-av_iconfont='entypo-fontello'><\/span><span class='hr-inner inner-border-av-border-thin'><span class=\"hr-inner-style\"><\/span><\/span><\/div><br \/>\n<form action=\"https:\/\/4youcredit.de\/tr\/iletisim\/\" method=\"post\" data-fields-with-error=\"Found errors in the following field(s):\" class=\"avia_ajax_form av-form-labels-hidden   avia-builder-el-11  el_after_av_hr  avia-builder-el-last  av-centered-form  av-custom-form-color av-light-form \" data-avia-form-id=\"1\" data-avia-redirect='' ><h3 class=''>Sizin-Krediniz (4YouCredit) \u0130leti\u015fim Formu<\/h3><fieldset><p class='  first_form  form_element form_element_half' id='element_avia_1_1'><label for=\"avia_1_1\">\u0130sim <abbr class=\"required\" title=\"Zorunlu\">*<\/abbr><\/label> <input name=\"avia_1_1\" class=\"text_input is_empty\" type=\"text\" id=\"avia_1_1\" value=\"\"  placeholder='\u0130sim*'\/><\/p><p class='  form_element form_element_half' id='element_avia_2_1'><label for=\"avia_2_1\">E-Posta <abbr class=\"required\" title=\"Zorunlu\">*<\/abbr><\/label> <input name=\"avia_2_1\" class=\"text_input is_email\" type=\"text\" id=\"avia_2_1\" value=\"\"  placeholder='E-Posta*'\/><\/p><p class='  first_form  form_element form_fullwidth' id='element_avia_3_1'><label for=\"avia_3_1\">Konu <abbr class=\"required\" title=\"Zorunlu\">*<\/abbr><\/label> <input name=\"avia_3_1\" class=\"text_input is_empty\" type=\"text\" id=\"avia_3_1\" value=\"\"  placeholder='Konu*'\/><\/p><p class='  first_form  form_element form_fullwidth' id='element_avia_4_1'><label for=\"avia_4_1\" class=\"textare_label hidden textare_label_avia_4_1\">Mesaj <abbr class=\"required\" title=\"Zorunlu\">*<\/abbr><\/label><textarea  placeholder='Mesaj*' name=\"avia_4_1\" class=\"text_area is_empty\" cols=\"40\" rows=\"7\" id=\"avia_4_1\" ><\/textarea><\/p><p class=\"hidden\"><input type=\"text\" name=\"avia_5_1\" class=\"hidden \" id=\"avia_5_1\" value=\"\" \/><\/p><p class='   form_element form_fullwidth' id='element_avia_6_1'><span class='value_verifier_label'>1 + 7 = ?<\/span><input name=\"avia_6_1_verifier\" type=\"hidden\" id=\"avia_6_1_verifier\" value=\"784418478\"\/><label for=\"avia_6_1\">L\u00fctfen denklemi \u00e7\u00f6zerek insan oldu\u011funuzu kan\u0131tlay\u0131n\u0131z <abbr class=\"required\" title=\"Zorunlu\">*<\/abbr><\/label><input name=\"avia_6_1\" class=\"text_input captcha\" type=\"text\" id=\"avia_6_1\" value=\"\"\/><\/p><p class=\"form_element \"><input type=\"hidden\" value=\"1\" name=\"avia_generated_form1\" \/><input type=\"submit\" value=\"G\u00f6nder\" class=\"button\"  data-sending-label=\"G\u00f6nderiliyor\"\/><\/p><\/fieldset><\/form><div id=\"ajaxresponse_1\" class=\"ajaxresponse ajaxresponse_1 hidden\"><\/div><\/p><\/div><\/div><!--close column table wrapper. Autoclose: 1 -->\n<\/div><\/div><\/div><!-- close content main div --><\/div><\/div><div id='after_section_1'  class='main_color av_default_container_wrap container_wrap sidebar_right'  ><div class='container av-section-cont-open' ><div class='template-page content  av-content-small alpha units'><div class='post-entry post-entry-type-page post-entry-720'><div class='entry-content-wrapper clearfix'>\n","protected":false},"excerpt":{"rendered":"","protected":false},"author":1,"featured_media":0,"parent":0,"menu_order":6,"comment_status":"open","ping_status":"open","template":"","meta":{"footnotes":""},"_links":{"self":[{"href":"https:\/\/4youcredit.de\/tr\/wp-json\/wp\/v2\/pages\/720"}],"collection":[{"href":"https:\/\/4youcredit.de\/tr\/wp-json\/wp\/v2\/pages"}],"about":[{"href":"https:\/\/4youcredit.de\/tr\/wp-json\/wp\/v2\/types\/page"}],"author":[{"embeddable":true,"href":"https:\/\/4youcredit.de\/tr\/wp-json\/wp\/v2\/users\/1"}],"replies":[{"embeddable":true,"href":"https:\/\/4youcredit.de\/tr\/wp-json\/wp\/v2\/comments?post=720"}],"version-history":[{"count":9,"href":"https:\/\/4youcredit.de\/tr\/wp-json\/wp\/v2\/pages\/720\/revisions"}],"predecessor-version":[{"id":1198,"href":"https:\/\/4youcredit.de\/tr\/wp-json\/wp\/v2\/pages\/720\/revisions\/1198"}],"wp:attachment":[{"href":"https:\/\/4youcredit.de\/tr\/wp-json\/wp\/v2\/media?parent=720"}],"curies":[{"name":"wp","href":"https:\/\/api.w.org\/{rel}","templated":true}]}}